{"id":6864,"date":"2019-02-23T10:12:14","date_gmt":"2019-02-23T09:12:14","guid":{"rendered":"https:\/\/www.druesedau.de\/manufactory\/"},"modified":"2019-03-14T08:54:43","modified_gmt":"2019-03-14T07:54:43","slug":"manufactory","status":"publish","type":"page","link":"https:\/\/www.druesedau.de\/en\/manufactory\/","title":{"rendered":"Manufactory"},"content":{"rendered":"<p>[et_pb_section admin_label=&#8221;Sektion&#8221; fullwidth=&#8221;on&#8221; specialty=&#8221;off&#8221;][et_pb_fullwidth_image admin_label=&#8221;Volle Breite des Bildes&#8221; src=&#8221;https:\/\/www.druesedau.de\/uploads\/_druesedau\/2017\/03\/Dr\u00fcsedau-Jensberg-1063.jpg&#8221; show_in_lightbox=&#8221;off&#8221; url_new_window=&#8221;off&#8221; use_overlay=&#8221;off&#8221; animation=&#8221;left&#8221; use_border_color=&#8221;off&#8221; border_color=&#8221;#ffffff&#8221; border_style=&#8221;solid&#8221; custom_margin=&#8221;-450px||-150px|&#8221; custom_margin_phone=&#8221;0px||0px|&#8221; custom_margin_last_edited=&#8221;on|phone&#8221;] [\/et_pb_fullwidth_image][\/et_pb_section][et_pb_section admin_label=&#8221;Sektion&#8221; fullwidth=&#8221;off&#8221; specialty=&#8221;off&#8221; transparent_background=&#8221;off&#8221; allow_player_pause=&#8221;off&#8221; inner_shadow=&#8221;off&#8221; parallax=&#8221;off&#8221; parallax_method=&#8221;off&#8221; padding_mobile=&#8221;on&#8221; make_fullwidth=&#8221;off&#8221; use_custom_width=&#8221;off&#8221; width_unit=&#8221;on&#8221; make_equal=&#8221;off&#8221; use_custom_gutter=&#8221;off&#8221; custom_padding=&#8221;||0px|&#8221;][et_pb_row admin_label=&#8221;Zeile&#8221;][et_pb_column type=&#8221;4_4&#8243;][et_pb_post_title admin_label=&#8221;\u00dcberschrift&#8221; global_module=&#8221;3337&#8243; saved_tabs=&#8221;all&#8221; title=&#8221;on&#8221; meta=&#8221;off&#8221; author=&#8221;on&#8221; date=&#8221;on&#8221; categories=&#8221;on&#8221; comments=&#8221;on&#8221; featured_image=&#8221;off&#8221; featured_placement=&#8221;below&#8221; parallax_effect=&#8221;on&#8221; parallax_method=&#8221;on&#8221; text_orientation=&#8221;left&#8221; text_color=&#8221;dark&#8221; text_background=&#8221;off&#8221; text_bg_color=&#8221;rgba(255,255,255,0.9)&#8221; module_bg_color=&#8221;rgba(255,255,255,0)&#8221; title_font=&#8221;Old Standard TT|on|||&#8221; title_font_size=&#8221;41px&#8221; title_font_size_phone=&#8221;35px&#8221; title_font_size_last_edited=&#8221;on|phone&#8221; title_text_color=&#8221;#1e1e1e&#8221; title_all_caps=&#8221;off&#8221; use_border_color=&#8221;off&#8221; border_color=&#8221;#ffffff&#8221; border_style=&#8221;solid&#8221;] [\/et_pb_post_title][\/et_pb_column][\/et_pb_row][\/et_pb_section][et_pb_section admin_label=&#8221;Sektion&#8221; fullwidth=&#8221;off&#8221; specialty=&#8221;off&#8221; transparent_background=&#8221;off&#8221; allow_player_pause=&#8221;off&#8221; inner_shadow=&#8221;off&#8221; parallax=&#8221;off&#8221; parallax_method=&#8221;off&#8221; padding_mobile=&#8221;on&#8221; make_fullwidth=&#8221;off&#8221; use_custom_width=&#8221;off&#8221; width_unit=&#8221;on&#8221; make_equal=&#8221;off&#8221; use_custom_gutter=&#8221;off&#8221; custom_padding=&#8221;0px|||&#8221;][et_pb_row admin_label=&#8221;Zeile&#8221;][et_pb_column type=&#8221;1_2&#8243;][et_pb_image admin_label=&#8221;Bild Kellerwaldportait&#8221; src=&#8221;https:\/\/www.druesedau.de\/uploads\/_druesedau\/2017\/03\/Kellerwaldportrait-7945_2.jpg&#8221; show_in_lightbox=&#8221;off&#8221; url_new_window=&#8221;off&#8221; use_overlay=&#8221;off&#8221; animation=&#8221;left&#8221; sticky=&#8221;off&#8221; align=&#8221;left&#8221; force_fullwidth=&#8221;off&#8221; always_center_on_mobile=&#8221;on&#8221; use_border_color=&#8221;on&#8221; border_color=&#8221;#ffffff&#8221; border_style=&#8221;solid&#8221; border_width=&#8221;20px&#8221; custom_margin=&#8221;-50px|-235px||&#8221; custom_margin_last_edited=&#8221;on|phone&#8221; custom_margin_phone=&#8221;0px|0px||&#8221;] [\/et_pb_image][\/et_pb_column][et_pb_column type=&#8221;1_2&#8243;][et_pb_blurb admin_label=&#8221;Informationstext&#8221; title=&#8221;Our Credo&#8221; url_new_window=&#8221;off&#8221; use_icon=&#8221;off&#8221; icon_color=&#8221;#00a6cf&#8221; use_circle=&#8221;off&#8221; circle_color=&#8221;#00a6cf&#8221; use_circle_border=&#8221;off&#8221; circle_border_color=&#8221;#00a6cf&#8221; icon_placement=&#8221;top&#8221; animation=&#8221;top&#8221; background_layout=&#8221;light&#8221; text_orientation=&#8221;left&#8221; use_icon_font_size=&#8221;off&#8221; header_font_size_last_edited=&#8221;on|phone&#8221; use_border_color=&#8221;off&#8221; border_color=&#8221;#ffffff&#8221; border_style=&#8221;solid&#8221; header_font_size=&#8221;60&#8243; header_font_size_phone=&#8221;34&#8243; header_font=&#8221;Old Standard TT||||&#8221; background_color=&#8221;#ffffff&#8221; custom_margin=&#8221;30px|30px|30px|30px&#8221; custom_padding=&#8221;30px|30px|30px|30px&#8221; custom_margin_phone=&#8221;0px|0px|0px|0px&#8221; custom_margin_last_edited=&#8221;on|phone&#8221; custom_padding_phone=&#8221;0px|0px|0px|0px&#8221; custom_padding_last_edited=&#8221;on|phone&#8221;]<\/p>\n<p><span style=\"color: #00a6cf;\"><strong>\u201eLiving and feeling nature \u201c<\/strong><\/span><\/p>\n<p>Nature and technology can be combined splendidly with the right mind. We live in the north of Hesse in one of the forested areas of germany. Here at the Kellerwald forest, flooring with extraordinary character results.<\/p>\n<p>[\/et_pb_blurb][et_pb_button admin_label=&#8221;Taste&#8221; button_url=&#8221;https:\/\/www.druesedau.de\/our-credo\/&#8221; url_new_window=&#8221;off&#8221; button_text=&#8221;more&#8221; button_alignment=&#8221;right&#8221; background_layout=&#8221;light&#8221; custom_button=&#8221;on&#8221; button_text_color=&#8221;#ffffff&#8221; button_bg_color=&#8221;#00a6cf&#8221; button_border_width=&#8221;0&#8243; button_border_radius=&#8221;0&#8243; button_letter_spacing=&#8221;0&#8243; button_use_icon=&#8221;default&#8221; button_icon_placement=&#8221;right&#8221; button_on_hover=&#8221;on&#8221; button_text_color_hover=&#8221;#00a6cf&#8221; button_letter_spacing_hover=&#8221;0&#8243;] [\/et_pb_button][\/et_pb_column][\/et_pb_row][\/et_pb_section][et_pb_section admin_label=&#8221;Sektion&#8221; fullwidth=&#8221;off&#8221; specialty=&#8221;off&#8221;][et_pb_row admin_label=&#8221;Zeile&#8221;][et_pb_column type=&#8221;1_2&#8243;][et_pb_blurb admin_label=&#8221;Informationstext&#8221; title=&#8221;The Manufactory&#8221; url_new_window=&#8221;off&#8221; use_icon=&#8221;off&#8221; icon_color=&#8221;#00a6cf&#8221; use_circle=&#8221;off&#8221; circle_color=&#8221;#00a6cf&#8221; use_circle_border=&#8221;off&#8221; circle_border_color=&#8221;#00a6cf&#8221; icon_placement=&#8221;top&#8221; animation=&#8221;top&#8221; background_layout=&#8221;light&#8221; text_orientation=&#8221;left&#8221; use_icon_font_size=&#8221;off&#8221; header_font=&#8221;Old Standard TT||||&#8221; header_font_size=&#8221;60&#8243; header_font_size_phone=&#8221;34&#8243; header_font_size_last_edited=&#8221;on|phone&#8221; use_border_color=&#8221;off&#8221; border_color=&#8221;#ffffff&#8221; border_style=&#8221;solid&#8221;]<\/p>\n<p><span style=\"color: #00a6cf;\"><strong>Designing with wood<\/strong><strong><br \/>\n<\/strong><\/span>Dr\u00fcsedau floorings decorate the moste noble rooms. They give living spaces character. Country houses, castles,<br \/>\ncity flats or villas. Our floor boards and parquets create a basis for a cozy home.<\/p>\n<p>[\/et_pb_blurb][et_pb_button admin_label=&#8221;Taste&#8221; button_url=&#8221;https:\/\/www.druesedau.de\/the-manufactory\/&#8221; url_new_window=&#8221;off&#8221; button_text=&#8221;more&#8221; button_alignment=&#8221;right&#8221; background_layout=&#8221;light&#8221; custom_button=&#8221;on&#8221; button_text_color=&#8221;#ffffff&#8221; button_bg_color=&#8221;#00a6cf&#8221; button_border_width=&#8221;0&#8243; button_border_radius=&#8221;0&#8243; button_letter_spacing=&#8221;0&#8243; button_use_icon=&#8221;default&#8221; button_icon_placement=&#8221;right&#8221; button_on_hover=&#8221;on&#8221; button_text_color_hover=&#8221;#00a6cf&#8221; button_letter_spacing_hover=&#8221;0&#8243;] [\/et_pb_button][et_pb_image admin_label=&#8221;Bild&#8221; src=&#8221;https:\/\/www.druesedau.de\/uploads\/_druesedau\/2017\/03\/Dr\u00fcsedau-Densberg-0939.jpg&#8221; show_in_lightbox=&#8221;off&#8221; url_new_window=&#8221;off&#8221; use_overlay=&#8221;off&#8221; animation=&#8221;right&#8221; sticky=&#8221;off&#8221; align=&#8221;left&#8221; force_fullwidth=&#8221;off&#8221; always_center_on_mobile=&#8221;on&#8221; use_border_color=&#8221;off&#8221; border_color=&#8221;#ffffff&#8221; border_style=&#8221;solid&#8221; custom_margin=&#8221;50px|||&#8221; custom_margin_phone=&#8221;0px|||&#8221; custom_margin_last_edited=&#8221;on|phone&#8221;] [\/et_pb_image][\/et_pb_column][et_pb_column type=&#8221;1_2&#8243;][et_pb_image admin_label=&#8221;Bild&#8221; src=&#8221;https:\/\/www.druesedau.de\/uploads\/_druesedau\/2017\/03\/Dr\u00fcsedau-Jensberg-1164.jpg&#8221; show_in_lightbox=&#8221;off&#8221; url_new_window=&#8221;off&#8221; use_overlay=&#8221;off&#8221; animation=&#8221;top&#8221; sticky=&#8221;off&#8221; align=&#8221;left&#8221; force_fullwidth=&#8221;off&#8221; always_center_on_mobile=&#8221;on&#8221; use_border_color=&#8221;off&#8221; border_color=&#8221;#ffffff&#8221; border_style=&#8221;solid&#8221;] [\/et_pb_image][et_pb_blurb admin_label=&#8221;Informationstext&#8221; title=&#8221;\u201eEvery flooring is unique\u201c &#8221; url_new_window=&#8221;off&#8221; use_icon=&#8221;off&#8221; icon_color=&#8221;#00a6cf&#8221; use_circle=&#8221;off&#8221; circle_color=&#8221;#00a6cf&#8221; use_circle_border=&#8221;off&#8221; circle_border_color=&#8221;#00a6cf&#8221; icon_placement=&#8221;top&#8221; animation=&#8221;top&#8221; background_layout=&#8221;light&#8221; text_orientation=&#8221;left&#8221; use_icon_font_size=&#8221;off&#8221; header_font=&#8221;Old Standard TT||||&#8221; header_font_size=&#8221;40&#8243; header_font_size_phone=&#8221;25&#8243; header_font_size_last_edited=&#8221;on|phone&#8221; header_text_color=&#8221;#00a6cf&#8221; use_border_color=&#8221;off&#8221; border_color=&#8221;#ffffff&#8221; border_style=&#8221;solid&#8221;] [\/et_pb_blurb][\/et_pb_column][\/et_pb_row][\/et_pb_section][et_pb_section admin_label=&#8221;Sektion&#8221; fullwidth=&#8221;off&#8221; specialty=&#8221;off&#8221; transparent_background=&#8221;off&#8221; allow_player_pause=&#8221;off&#8221; inner_shadow=&#8221;off&#8221; parallax=&#8221;off&#8221; parallax_method=&#8221;off&#8221; custom_padding=&#8221;||0px|&#8221; padding_mobile=&#8221;on&#8221; make_fullwidth=&#8221;off&#8221; use_custom_width=&#8221;off&#8221; width_unit=&#8221;on&#8221; make_equal=&#8221;off&#8221; use_custom_gutter=&#8221;off&#8221;][et_pb_row admin_label=&#8221;Zeile&#8221; make_fullwidth=&#8221;off&#8221; use_custom_width=&#8221;off&#8221; width_unit=&#8221;on&#8221; use_custom_gutter=&#8221;off&#8221; padding_mobile=&#8221;off&#8221; allow_player_pause=&#8221;off&#8221; parallax=&#8221;off&#8221; parallax_method=&#8221;off&#8221; make_equal=&#8221;off&#8221; parallax_1=&#8221;off&#8221; parallax_method_1=&#8221;off&#8221; column_padding_mobile=&#8221;on&#8221; custom_padding=&#8221;||0px|&#8221; custom_padding_last_edited=&#8221;on|phone&#8221;][et_pb_column type=&#8221;4_4&#8243;][et_pb_blurb admin_label=&#8221;Informationstext&#8221; title=&#8221;Range of services&#8221; url_new_window=&#8221;off&#8221; use_icon=&#8221;off&#8221; icon_color=&#8221;#00a6cf&#8221; use_circle=&#8221;off&#8221; circle_color=&#8221;#00a6cf&#8221; use_circle_border=&#8221;off&#8221; circle_border_color=&#8221;#00a6cf&#8221; icon_placement=&#8221;top&#8221; animation=&#8221;top&#8221; background_layout=&#8221;light&#8221; text_orientation=&#8221;left&#8221; use_icon_font_size=&#8221;off&#8221; header_font_size=&#8221;60&#8243; header_font_size_phone=&#8221;34&#8243; header_font_size_last_edited=&#8221;on|phone&#8221; use_border_color=&#8221;off&#8221; border_color=&#8221;#ffffff&#8221; border_style=&#8221;solid&#8221; header_font=&#8221;Old Standard TT||||&#8221;] [\/et_pb_blurb][et_pb_text admin_label=&#8221;Text&#8221; background_layout=&#8221;light&#8221; text_orientation=&#8221;center&#8221; use_border_color=&#8221;off&#8221; border_color=&#8221;#ffffff&#8221; border_style=&#8221;solid&#8221; background_color=&#8221;#ffffff&#8221; custom_margin_last_edited=&#8221;on|desktop&#8221; custom_padding_last_edited=&#8221;on|phone&#8221;]<\/p>\n<p>From the modular principle until up to 7m long planks in one piece.<\/p>\n<p>[\/et_pb_text][et_pb_button admin_label=&#8221;Taste&#8221; button_url=&#8221;https:\/\/www.druesedau.de\/rangeofservices\/&#8221; url_new_window=&#8221;off&#8221; button_text=&#8221;more&#8221; button_alignment=&#8221;right&#8221; background_layout=&#8221;light&#8221; custom_button=&#8221;on&#8221; button_text_color=&#8221;#ffffff&#8221; button_bg_color=&#8221;#00a6cf&#8221; button_border_width=&#8221;0&#8243; button_border_radius=&#8221;0&#8243; button_letter_spacing=&#8221;0&#8243; button_use_icon=&#8221;default&#8221; button_icon_placement=&#8221;right&#8221; button_on_hover=&#8221;on&#8221; button_text_color_hover=&#8221;#00a6cf&#8221; button_letter_spacing_hover=&#8221;0&#8243; disabled=&#8221;off&#8221; disabled_on=&#8221;off||on&#8221;] [\/et_pb_button][\/et_pb_column][\/et_pb_row][\/et_pb_section][et_pb_section admin_label=&#8221;Sektion&#8221; fullwidth=&#8221;off&#8221; specialty=&#8221;off&#8221; transparent_background=&#8221;off&#8221; allow_player_pause=&#8221;off&#8221; inner_shadow=&#8221;off&#8221; parallax=&#8221;off&#8221; parallax_method=&#8221;off&#8221; custom_padding=&#8221;0px|||&#8221; padding_mobile=&#8221;on&#8221; make_fullwidth=&#8221;off&#8221; use_custom_width=&#8221;off&#8221; width_unit=&#8221;on&#8221; make_equal=&#8221;off&#8221; use_custom_gutter=&#8221;off&#8221; custom_padding_last_edited=&#8221;on|desktop&#8221;][et_pb_row admin_label=&#8221;Zeile&#8221;][et_pb_column type=&#8221;1_2&#8243;][et_pb_image admin_label=&#8221;Bild&#8221; src=&#8221;https:\/\/www.druesedau.de\/uploads\/_druesedau\/2017\/03\/Unbenannt-1.jpg&#8221; show_in_lightbox=&#8221;off&#8221; url_new_window=&#8221;off&#8221; use_overlay=&#8221;off&#8221; animation=&#8221;left&#8221; sticky=&#8221;off&#8221; align=&#8221;left&#8221; force_fullwidth=&#8221;off&#8221; always_center_on_mobile=&#8221;on&#8221; use_border_color=&#8221;off&#8221; border_color=&#8221;#ffffff&#8221; border_style=&#8221;solid&#8221;] [\/et_pb_image][et_pb_image admin_label=&#8221;Bild&#8221; src=&#8221;https:\/\/www.druesedau.de\/uploads\/_druesedau\/2017\/03\/B\u00f6den-f\u00fcr-au\u00dfergew\u00f6hnliche-Objekte.jpg&#8221; show_in_lightbox=&#8221;off&#8221; url_new_window=&#8221;off&#8221; use_overlay=&#8221;off&#8221; animation=&#8221;left&#8221; sticky=&#8221;off&#8221; align=&#8221;left&#8221; force_fullwidth=&#8221;off&#8221; always_center_on_mobile=&#8221;on&#8221; use_border_color=&#8221;off&#8221; border_color=&#8221;#ffffff&#8221; border_style=&#8221;solid&#8221;] [\/et_pb_image][et_pb_button admin_label=&#8221;Taste&#8221; button_url=&#8221;https:\/\/www.druesedau.de\/rangeofservices\/&#8221; url_new_window=&#8221;off&#8221; button_text=&#8221;more&#8221; button_alignment=&#8221;right&#8221; background_layout=&#8221;light&#8221; custom_button=&#8221;on&#8221; button_text_color=&#8221;#ffffff&#8221; button_bg_color=&#8221;#00a6cf&#8221; button_border_width=&#8221;0&#8243; button_border_radius=&#8221;0&#8243; button_letter_spacing=&#8221;0&#8243; button_use_icon=&#8221;default&#8221; button_icon_placement=&#8221;right&#8221; button_on_hover=&#8221;on&#8221; button_text_color_hover=&#8221;#00a6cf&#8221; button_letter_spacing_hover=&#8221;0&#8243; disabled=&#8221;off&#8221; disabled_on=&#8221;on|on|&#8221;] [\/et_pb_button][\/et_pb_column][et_pb_column type=&#8221;1_2&#8243;][et_pb_image admin_label=&#8221;Bild&#8221; src=&#8221;https:\/\/www.druesedau.de\/uploads\/_druesedau\/2017\/03\/Unbenannt-2.jpg&#8221; show_in_lightbox=&#8221;off&#8221; url_new_window=&#8221;off&#8221; use_overlay=&#8221;off&#8221; animation=&#8221;right&#8221; sticky=&#8221;off&#8221; align=&#8221;left&#8221; force_fullwidth=&#8221;off&#8221; always_center_on_mobile=&#8221;on&#8221; use_border_color=&#8221;off&#8221; border_color=&#8221;#ffffff&#8221; border_style=&#8221;solid&#8221;] [\/et_pb_image][\/et_pb_column][\/et_pb_row][\/et_pb_section][et_pb_section admin_label=&#8221;Sektion&#8221; global_module=&#8221;3292&#8243; fullwidth=&#8221;off&#8221; specialty=&#8221;off&#8221; transparent_background=&#8221;off&#8221; background_color=&#8221;#00a6cf&#8221; allow_player_pause=&#8221;off&#8221; inner_shadow=&#8221;off&#8221; parallax=&#8221;off&#8221; parallax_method=&#8221;off&#8221; padding_mobile=&#8221;off&#8221; make_fullwidth=&#8221;off&#8221; use_custom_width=&#8221;off&#8221; width_unit=&#8221;on&#8221; make_equal=&#8221;off&#8221; use_custom_gutter=&#8221;off&#8221; disabled_on=&#8221;off|off|off&#8221; disabled=&#8221;off&#8221;][et_pb_row global_parent=&#8221;3292&#8243; admin_label=&#8221;Zeile&#8221;][et_pb_column type=&#8221;1_3&#8243;][et_pb_text global_parent=&#8221;3292&#8243; admin_label=&#8221;Kontakt&#8221; background_layout=&#8221;light&#8221; text_orientation=&#8221;left&#8221; text_font=&#8221;Old Standard TT|on|||&#8221; text_font_size=&#8221;30&#8243; text_text_color=&#8221;#ffffff&#8221; use_border_color=&#8221;off&#8221; border_color=&#8221;#ffffff&#8221; border_style=&#8221;solid&#8221;]<\/p>\n<p style=\"text-align: center;\">Contact Us<\/p>\n<p>[\/et_pb_text][et_pb_text global_parent=&#8221;3292&#8243; admin_label=&#8221;Text&#8221; background_layout=&#8221;light&#8221; text_orientation=&#8221;center&#8221; use_border_color=&#8221;off&#8221; border_color=&#8221;#ffffff&#8221; border_style=&#8221;solid&#8221; text_text_color=&#8221;#ffffff&#8221;]<\/p>\n<p>Phone: <span style=\"color: #ffffff;\"><a style=\"color: #ffffff;\" href=\"tel:0669596060\">+49 66 95 &#8211; 96 06 &#8211; 0<\/a><\/span><br \/>\nFax: <span style=\"color: #ffffff;\"><a style=\"color: #ffffff;\" href=\"tel:06695960622\">+49 66 95 &#8211; 96 06 &#8211; 22<\/a><\/span><br \/>\n<span style=\"color: #ffffff;\"><a style=\"color: #ffffff;\" href=\"mailto:info@druesedau.de\">info@druesedau.de<\/a><\/span><\/p>\n<p>[\/et_pb_text][\/et_pb_column][et_pb_column type=&#8221;1_3&#8243;][et_pb_text global_parent=&#8221;3292&#8243; admin_label=&#8221;\u00d6ffnungszeiten&#8221; background_layout=&#8221;light&#8221; text_orientation=&#8221;left&#8221; text_font=&#8221;Old Standard TT|on|||&#8221; text_font_size=&#8221;30&#8243; text_text_color=&#8221;#ffffff&#8221; use_border_color=&#8221;off&#8221; border_color=&#8221;#ffffff&#8221; border_style=&#8221;solid&#8221;]<\/p>\n<p style=\"text-align: center;\">Opening Hours<\/p>\n<p>[\/et_pb_text][et_pb_text global_parent=&#8221;3292&#8243; admin_label=&#8221;Text&#8221; background_layout=&#8221;light&#8221; text_orientation=&#8221;center&#8221; use_border_color=&#8221;off&#8221; border_color=&#8221;#ffffff&#8221; border_style=&#8221;solid&#8221; text_text_color=&#8221;#ffffff&#8221;]<\/p>\n<p>Mo \u2013 Fr<br \/>\n7 AM \u2013 4 PM<\/p>\n<p>[\/et_pb_text][\/et_pb_column][et_pb_column type=&#8221;1_3&#8243;][et_pb_text global_parent=&#8221;3292&#8243; admin_label=&#8221;Anschrift&#8221; background_layout=&#8221;light&#8221; text_orientation=&#8221;left&#8221; text_font=&#8221;Old Standard TT|on|||&#8221; text_font_size=&#8221;30&#8243; text_text_color=&#8221;#ffffff&#8221; use_border_color=&#8221;off&#8221; border_color=&#8221;#ffffff&#8221; border_style=&#8221;solid&#8221;]<\/p>\n<p style=\"text-align: center;\">Address<\/p>\n<p>[\/et_pb_text][et_pb_text global_parent=&#8221;3292&#8243; admin_label=&#8221;Text&#8221; background_layout=&#8221;light&#8221; text_orientation=&#8221;center&#8221; use_border_color=&#8221;off&#8221; border_color=&#8221;#ffffff&#8221; border_style=&#8221;solid&#8221; text_text_color=&#8221;#ffffff&#8221;]<\/p>\n<p class=\"bodytext\">Dr\u00fcsedau u. M\u00fcller GmbH &amp; Co. KG<br \/>\nBahnhof Densberg<br \/>\n34632 Jesberg-Densberg<\/p>\n<p>[\/et_pb_text][\/et_pb_column][\/et_pb_row][\/et_pb_section]<\/p>\n","protected":false},"excerpt":{"rendered":"<p>\u201eLiving and feeling nature \u201c Nature and technology can be combined splendidly with the right mind. We live in the north of Hesse in one of the forested areas of germany. Here at the Kellerwald forest, flooring with extraordinary character results. Designing with wood Dr\u00fcsedau floorings decorate the moste noble rooms. They give living spaces [&hellip;]<\/p>\n","protected":false},"author":2,"featured_media":0,"parent":0,"menu_order":0,"comment_status":"closed","ping_status":"closed","template":"","meta":{"_acf_changed":false,"_et_pb_use_builder":"on","_et_pb_old_content":"","_et_gb_content_width":"","footnotes":""},"class_list":["post-6864","page","type-page","status-publish","hentry"],"acf":[],"yoast_head":"<!-- This site is optimized with the Yoast SEO plugin v27.5 - https:\/\/yoast.com\/product\/yoast-seo-wordpress\/ -->\n<title>Manufactory - Dr\u00fcsedau<\/title>\n<meta name=\"robots\" content=\"index, follow, max-snippet:-1, max-image-preview:large, max-video-preview:-1\" \/>\n<link rel=\"canonical\" href=\"https:\/\/www.druesedau.de\/en\/manufactory\/\" \/>\n<meta property=\"og:locale\" content=\"en_US\" \/>\n<meta property=\"og:type\" content=\"article\" \/>\n<meta property=\"og:title\" content=\"Manufactory - Dr\u00fcsedau\" \/>\n<meta property=\"og:description\" content=\"\u201eLiving and feeling nature \u201c Nature and technology can be combined splendidly with the right mind. We live in the north of Hesse in one of the forested areas of germany. Here at the Kellerwald forest, flooring with extraordinary character results. Designing with wood Dr\u00fcsedau floorings decorate the moste noble rooms. They give living spaces [&hellip;]\" \/>\n<meta property=\"og:url\" content=\"https:\/\/www.druesedau.de\/en\/manufactory\/\" \/>\n<meta property=\"og:site_name\" content=\"Dr\u00fcsedau\" \/>\n<meta property=\"article:modified_time\" content=\"2019-03-14T07:54:43+00:00\" \/>\n<meta name=\"twitter:card\" content=\"summary_large_image\" \/>\n<meta name=\"twitter:label1\" content=\"Est. reading time\" \/>\n\t<meta name=\"twitter:data1\" content=\"10 minutes\" \/>\n<script type=\"application\/ld+json\" class=\"yoast-schema-graph\">{\"@context\":\"https:\\\/\\\/schema.org\",\"@graph\":[{\"@type\":\"WebPage\",\"@id\":\"https:\\\/\\\/www.druesedau.de\\\/en\\\/manufactory\\\/\",\"url\":\"https:\\\/\\\/www.druesedau.de\\\/en\\\/manufactory\\\/\",\"name\":\"Manufactory - Dr\u00fcsedau\",\"isPartOf\":{\"@id\":\"https:\\\/\\\/www.druesedau.de\\\/#website\"},\"datePublished\":\"2019-02-23T09:12:14+00:00\",\"dateModified\":\"2019-03-14T07:54:43+00:00\",\"breadcrumb\":{\"@id\":\"https:\\\/\\\/www.druesedau.de\\\/en\\\/manufactory\\\/#breadcrumb\"},\"inLanguage\":\"en-US\",\"potentialAction\":[{\"@type\":\"ReadAction\",\"target\":[\"https:\\\/\\\/www.druesedau.de\\\/en\\\/manufactory\\\/\"]}]},{\"@type\":\"BreadcrumbList\",\"@id\":\"https:\\\/\\\/www.druesedau.de\\\/en\\\/manufactory\\\/#breadcrumb\",\"itemListElement\":[{\"@type\":\"ListItem\",\"position\":1,\"name\":\"Startseite\",\"item\":\"https:\\\/\\\/www.druesedau.de\\\/en\\\/\"},{\"@type\":\"ListItem\",\"position\":2,\"name\":\"Manufactory\"}]},{\"@type\":\"WebSite\",\"@id\":\"https:\\\/\\\/www.druesedau.de\\\/#website\",\"url\":\"https:\\\/\\\/www.druesedau.de\\\/\",\"name\":\"Dr\u00fcsedau\",\"description\":\"Stilvoll Auftreten\",\"potentialAction\":[{\"@type\":\"SearchAction\",\"target\":{\"@type\":\"EntryPoint\",\"urlTemplate\":\"https:\\\/\\\/www.druesedau.de\\\/?s={search_term_string}\"},\"query-input\":{\"@type\":\"PropertyValueSpecification\",\"valueRequired\":true,\"valueName\":\"search_term_string\"}}],\"inLanguage\":\"en-US\"}]}<\/script>\n<!-- \/ Yoast SEO plugin. -->","yoast_head_json":{"title":"Manufactory - Dr\u00fcsedau","robots":{"index":"index","follow":"follow","max-snippet":"max-snippet:-1","max-image-preview":"max-image-preview:large","max-video-preview":"max-video-preview:-1"},"canonical":"https:\/\/www.druesedau.de\/en\/manufactory\/","og_locale":"en_US","og_type":"article","og_title":"Manufactory - Dr\u00fcsedau","og_description":"\u201eLiving and feeling nature \u201c Nature and technology can be combined splendidly with the right mind. We live in the north of Hesse in one of the forested areas of germany. Here at the Kellerwald forest, flooring with extraordinary character results. Designing with wood Dr\u00fcsedau floorings decorate the moste noble rooms. They give living spaces [&hellip;]","og_url":"https:\/\/www.druesedau.de\/en\/manufactory\/","og_site_name":"Dr\u00fcsedau","article_modified_time":"2019-03-14T07:54:43+00:00","twitter_card":"summary_large_image","twitter_misc":{"Est. reading time":"10 minutes"},"schema":{"@context":"https:\/\/schema.org","@graph":[{"@type":"WebPage","@id":"https:\/\/www.druesedau.de\/en\/manufactory\/","url":"https:\/\/www.druesedau.de\/en\/manufactory\/","name":"Manufactory - Dr\u00fcsedau","isPartOf":{"@id":"https:\/\/www.druesedau.de\/#website"},"datePublished":"2019-02-23T09:12:14+00:00","dateModified":"2019-03-14T07:54:43+00:00","breadcrumb":{"@id":"https:\/\/www.druesedau.de\/en\/manufactory\/#breadcrumb"},"inLanguage":"en-US","potentialAction":[{"@type":"ReadAction","target":["https:\/\/www.druesedau.de\/en\/manufactory\/"]}]},{"@type":"BreadcrumbList","@id":"https:\/\/www.druesedau.de\/en\/manufactory\/#breadcrumb","itemListElement":[{"@type":"ListItem","position":1,"name":"Startseite","item":"https:\/\/www.druesedau.de\/en\/"},{"@type":"ListItem","position":2,"name":"Manufactory"}]},{"@type":"WebSite","@id":"https:\/\/www.druesedau.de\/#website","url":"https:\/\/www.druesedau.de\/","name":"Dr\u00fcsedau","description":"Stilvoll Auftreten","potentialAction":[{"@type":"SearchAction","target":{"@type":"EntryPoint","urlTemplate":"https:\/\/www.druesedau.de\/?s={search_term_string}"},"query-input":{"@type":"PropertyValueSpecification","valueRequired":true,"valueName":"search_term_string"}}],"inLanguage":"en-US"}]}},"_links":{"self":[{"href":"https:\/\/www.druesedau.de\/en\/wp-json\/wp\/v2\/pages\/6864","targetHints":{"allow":["GET"]}}],"collection":[{"href":"https:\/\/www.druesedau.de\/en\/wp-json\/wp\/v2\/pages"}],"about":[{"href":"https:\/\/www.druesedau.de\/en\/wp-json\/wp\/v2\/types\/page"}],"author":[{"embeddable":true,"href":"https:\/\/www.druesedau.de\/en\/wp-json\/wp\/v2\/users\/2"}],"replies":[{"embeddable":true,"href":"https:\/\/www.druesedau.de\/en\/wp-json\/wp\/v2\/comments?post=6864"}],"version-history":[{"count":6,"href":"https:\/\/www.druesedau.de\/en\/wp-json\/wp\/v2\/pages\/6864\/revisions"}],"predecessor-version":[{"id":7236,"href":"https:\/\/www.druesedau.de\/en\/wp-json\/wp\/v2\/pages\/6864\/revisions\/7236"}],"wp:attachment":[{"href":"https:\/\/www.druesedau.de\/en\/wp-json\/wp\/v2\/media?parent=6864"}],"curies":[{"name":"wp","href":"https:\/\/api.w.org\/{rel}","templated":true}]}}