{"id":6867,"date":"2019-02-23T10:46:36","date_gmt":"2019-02-23T09:46:36","guid":{"rendered":"https:\/\/www.druesedau.de\/manufactory\/range-of-services\/"},"modified":"2022-11-01T13:26:37","modified_gmt":"2022-11-01T12:26:37","slug":"range-of-services","status":"publish","type":"page","link":"https:\/\/www.druesedau.de\/en\/manufactory\/range-of-services\/","title":{"rendered":"Range Of Services"},"content":{"rendered":"<p>[et_pb_section fb_built=&#8221;1&#8243; fullwidth=&#8221;on&#8221; custom_padding_last_edited=&#8221;on|desktop&#8221; admin_label=&#8221;Sektion&#8221; _builder_version=&#8221;3.22&#8243; custom_padding_tablet=&#8221;50px|0|50px|0&#8243; transparent_background=&#8221;off&#8221; padding_mobile=&#8221;off&#8221; make_fullwidth=&#8221;off&#8221; use_custom_width=&#8221;off&#8221; width_unit=&#8221;on&#8221; global_colors_info=&#8221;{}&#8221; custom_padding_phone=&#8221;50px|0|50px|0&#8243;][et_pb_fullwidth_image src=&#8221;https:\/\/www.druesedau.de\/uploads\/_druesedau\/2017\/03\/B\u00f6den-f\u00fcr-au\u00dfergew\u00f6hnliche-Objekte.jpg&#8221; admin_label=&#8221;Volle Breite des Bildes&#8221; _builder_version=&#8221;3.0.87&#8243; custom_margin=&#8221;-350px||-150px|&#8221; custom_margin_tablet=&#8221;&#8221; custom_margin_phone=&#8221;0px||0px|&#8221; custom_margin_last_edited=&#8221;on|desktop&#8221; animation_style=&#8221;slide&#8221; animation_direction=&#8221;left&#8221; animation_duration=&#8221;500ms&#8221; animation_intensity_slide=&#8221;10%&#8221; animation=&#8221;left&#8221; use_border_color=&#8221;off&#8221; border_color=&#8221;#ffffff&#8221; border_style=&#8221;solid&#8221; global_colors_info=&#8221;{}&#8221;] [\/et_pb_fullwidth_image][\/et_pb_section][et_pb_section fb_built=&#8221;1&#8243; admin_label=&#8221;section&#8221; _builder_version=&#8221;3.22&#8243; custom_padding=&#8221;||0px|&#8221; custom_padding_tablet=&#8221;||0px|&#8221; transparent_background=&#8221;off&#8221; padding_mobile=&#8221;on&#8221; make_fullwidth=&#8221;off&#8221; use_custom_width=&#8221;off&#8221; width_unit=&#8221;on&#8221; global_colors_info=&#8221;{}&#8221;][et_pb_row admin_label=&#8221;row&#8221; _builder_version=&#8221;3.25&#8243; background_size=&#8221;initial&#8221; background_position=&#8221;top_left&#8221; background_repeat=&#8221;repeat&#8221; global_colors_info=&#8221;{}&#8221;][et_pb_column type=&#8221;4_4&#8243; _builder_version=&#8221;3.25&#8243; custom_padding=&#8221;|||&#8221; global_colors_info=&#8221;{}&#8221; custom_padding__hover=&#8221;|||&#8221;][et_pb_post_title meta=&#8221;off&#8221; featured_image=&#8221;off&#8221; admin_label=&#8221;\u00dcberschrift&#8221; _builder_version=&#8221;3.0.87&#8243; title_font=&#8221;Old Standard TT|on|||&#8221; title_text_color=&#8221;#1e1e1e&#8221; title_font_size=&#8221;70px&#8221; title_letter_spacing=&#8221;1px&#8221; title_all_caps=&#8221;off&#8221; background_color=&#8221;rgba(255,255,255,0)&#8221; parallax=&#8221;on&#8221; parallax_method=&#8221;off&#8221; title_font_size_tablet=&#8221;&#8221; title_font_size_phone=&#8221;31px&#8221; title_font_size_last_edited=&#8221;on|phone&#8221; use_border_color=&#8221;off&#8221; border_color=&#8221;#ffffff&#8221; border_style=&#8221;solid&#8221; parallax_effect=&#8221;on&#8221; module_bg_color=&#8221;rgba(255,255,255,0)&#8221; global_colors_info=&#8221;{}&#8221;] [\/et_pb_post_title][\/et_pb_column][\/et_pb_row][\/et_pb_section][et_pb_section fb_built=&#8221;1&#8243; admin_label=&#8221;Sektion&#8221; _builder_version=&#8221;3.22&#8243; custom_padding=&#8221;||0px|&#8221; custom_padding_tablet=&#8221;||0px|&#8221; transparent_background=&#8221;off&#8221; padding_mobile=&#8221;on&#8221; make_fullwidth=&#8221;off&#8221; use_custom_width=&#8221;off&#8221; width_unit=&#8221;on&#8221; global_colors_info=&#8221;{}&#8221;][et_pb_row admin_label=&#8221;Zeile&#8221; _builder_version=&#8221;3.25&#8243; background_size=&#8221;initial&#8221; background_position=&#8221;top_left&#8221; background_repeat=&#8221;repeat&#8221; global_colors_info=&#8221;{}&#8221;][et_pb_column type=&#8221;4_4&#8243; _builder_version=&#8221;3.25&#8243; custom_padding=&#8221;|||&#8221; global_colors_info=&#8221;{}&#8221; custom_padding__hover=&#8221;|||&#8221;][et_pb_blurb title=&#8221;What we do&#8221; image_icon_width=&#8221;none&#8221; admin_label=&#8221;Informationstext&#8221; _builder_version=&#8221;4.13.0&#8243; header_font=&#8221;Old Standard TT||||&#8221; header_text_color=&#8221;#00a6cf&#8221; header_font_size=&#8221;40&#8243; background_size=&#8221;initial&#8221; background_position=&#8221;top_left&#8221; background_repeat=&#8221;repeat&#8221; text_orientation=&#8221;center&#8221; custom_margin=&#8221;||0px|&#8221; custom_margin_tablet=&#8221;&#8221; custom_margin_phone=&#8221;0px|0px|0px|0px&#8221; custom_margin_last_edited=&#8221;on|phone&#8221; custom_padding=&#8221;||0px|&#8221; custom_padding_tablet=&#8221;&#8221; custom_padding_phone=&#8221;0px|0px|0px|0px&#8221; custom_padding_last_edited=&#8221;on|phone&#8221; header_font_size_tablet=&#8221;&#8221; header_font_size_phone=&#8221;24&#8243; header_font_size_last_edited=&#8221;on|phone&#8221; use_border_color=&#8221;off&#8221; border_color=&#8221;#ffffff&#8221; border_style=&#8221;solid&#8221; image_max_width=&#8221;none&#8221; use_circle=&#8221;off&#8221; use_circle_border=&#8221;off&#8221; circle_border_color=&#8221;#00a6cf&#8221; circle_color=&#8221;#00a6cf&#8221; global_colors_info=&#8221;{}&#8221;] [\/et_pb_blurb][\/et_pb_column][\/et_pb_row][\/et_pb_section][et_pb_section fb_built=&#8221;1&#8243; admin_label=&#8221;Sektion&#8221; _builder_version=&#8221;3.22&#8243; custom_padding=&#8221;0px|||&#8221; custom_padding_tablet=&#8221;0px|||&#8221; transparent_background=&#8221;off&#8221; padding_mobile=&#8221;on&#8221; make_fullwidth=&#8221;off&#8221; use_custom_width=&#8221;off&#8221; width_unit=&#8221;on&#8221; global_colors_info=&#8221;{}&#8221;][et_pb_row admin_label=&#8221;Zeile&#8221; _builder_version=&#8221;3.25&#8243; background_size=&#8221;initial&#8221; background_position=&#8221;top_left&#8221; background_repeat=&#8221;repeat&#8221; global_colors_info=&#8221;{}&#8221; column_structure=&#8221;1_2,1_2&#8243;][et_pb_column type=&#8221;1_2&#8243; _builder_version=&#8221;3.25&#8243; custom_padding=&#8221;|||&#8221; global_colors_info=&#8221;{}&#8221; custom_padding__hover=&#8221;|||&#8221;][et_pb_blurb title=&#8221;Individual wooden flooring from Dr\u00fcsedau&#8221; image_icon_width=&#8221;none&#8221; admin_label=&#8221;Informationstext&#8221; _builder_version=&#8221;4.14.8&#8243; header_font=&#8221;Old Standard TT||||&#8221; header_font_size=&#8221;40&#8243; background_color=&#8221;#ffffff&#8221; background_size=&#8221;initial&#8221; background_position=&#8221;top_left&#8221; background_repeat=&#8221;repeat&#8221; custom_margin=&#8221;30px|30px|30px|30px&#8221; custom_margin_tablet=&#8221;&#8221; custom_margin_phone=&#8221;0px|0px|0px|0px&#8221; custom_margin_last_edited=&#8221;on|phone&#8221; custom_padding=&#8221;30px|30px|30px|30px&#8221; custom_padding_tablet=&#8221;&#8221; custom_padding_phone=&#8221;0px|0px|0px|0px&#8221; custom_padding_last_edited=&#8221;on|phone&#8221; animation=&#8221;right&#8221; hover_enabled=&#8221;0&#8243; header_font_size_tablet=&#8221;&#8221; header_font_size_phone=&#8221;24&#8243; header_font_size_last_edited=&#8221;on|phone&#8221; use_border_color=&#8221;off&#8221; border_color=&#8221;#ffffff&#8221; border_style=&#8221;solid&#8221; image_max_width=&#8221;none&#8221; use_circle=&#8221;off&#8221; use_circle_border=&#8221;off&#8221; circle_border_color=&#8221;#00a6cf&#8221; circle_color=&#8221;#00a6cf&#8221; global_colors_info=&#8221;{}&#8221; sticky_enabled=&#8221;0&#8243;]<\/p>\n<p>We manufacture wooden flooring according to your individual requirements. Every flooring is unique. Classic solid parquet with our without surface. Also as parquet-panels and 2-layer engineered parquet in extraordinary sizes and great optics. Solid planks. Extra solid constructed 2-layer engineered planks. Sizes up to a width of 30cm and a length of 7m.<\/p>\n<p>We also provide our floor boards customized for room lengths. In a modular principle, you are able to combine and assemble your wooden flooring. Absolutely easy and individual. Do you need an example? How about our Kellerwald-floor board \u201eOak Charakter\u201c, surface \u201eCanus\u201c and additional treatment \u201eReal manual planing\u201c or alternatively as a precastet surface \u201eOak Delta\u201c \u2013 brushed, primed, coloured, oiled?<\/p>\n<p>[\/et_pb_blurb][\/et_pb_column][et_pb_column type=&#8221;1_2&#8243; _builder_version=&#8221;3.25&#8243; custom_padding=&#8221;|||&#8221; global_colors_info=&#8221;{}&#8221; custom_padding__hover=&#8221;|||&#8221;][et_pb_image src=&#8221;https:\/\/www.druesedau.de\/uploads\/_druesedau\/2017\/11\/Unbenannt-3.jpg&#8221; align_tablet=&#8221;center&#8221; align_last_edited=&#8221;on|desktop&#8221; admin_label=&#8221;Bild&#8221; _builder_version=&#8221;3.23&#8243; animation_style=&#8221;slide&#8221; animation_direction=&#8221;right&#8221; animation_duration=&#8221;500ms&#8221; animation_intensity_slide=&#8221;10%&#8221; animation=&#8221;right&#8221; use_border_color=&#8221;off&#8221; border_color=&#8221;#ffffff&#8221; border_style=&#8221;solid&#8221; sticky=&#8221;off&#8221; always_center_on_mobile=&#8221;on&#8221; global_colors_info=&#8221;{}&#8221; align_phone=&#8221;center&#8221;] [\/et_pb_image][et_pb_image src=&#8221;https:\/\/www.druesedau.de\/uploads\/_druesedau\/2017\/11\/Unbenannt-4.jpg&#8221; align_tablet=&#8221;center&#8221; align_last_edited=&#8221;on|desktop&#8221; admin_label=&#8221;Bild&#8221; _builder_version=&#8221;3.23&#8243; animation_style=&#8221;slide&#8221; animation_direction=&#8221;right&#8221; animation_duration=&#8221;500ms&#8221; animation_intensity_slide=&#8221;10%&#8221; animation=&#8221;right&#8221; use_border_color=&#8221;off&#8221; border_color=&#8221;#ffffff&#8221; border_style=&#8221;solid&#8221; sticky=&#8221;off&#8221; always_center_on_mobile=&#8221;on&#8221; global_colors_info=&#8221;{}&#8221; align_phone=&#8221;center&#8221;] [\/et_pb_image][\/et_pb_column][\/et_pb_row][\/et_pb_section][et_pb_section fb_built=&#8221;1&#8243; admin_label=&#8221;Sektion&#8221; _builder_version=&#8221;3.22&#8243; transparent_background=&#8221;off&#8221; padding_mobile=&#8221;on&#8221; make_fullwidth=&#8221;off&#8221; use_custom_width=&#8221;off&#8221; width_unit=&#8221;on&#8221; global_colors_info=&#8221;{}&#8221;][et_pb_row admin_label=&#8221;Zeile&#8221; _builder_version=&#8221;3.25&#8243; background_size=&#8221;initial&#8221; background_position=&#8221;top_left&#8221; background_repeat=&#8221;repeat&#8221; global_colors_info=&#8221;{}&#8221; column_structure=&#8221;1_2,1_2&#8243;][et_pb_column type=&#8221;1_2&#8243; _builder_version=&#8221;3.25&#8243; custom_padding=&#8221;|||&#8221; global_colors_info=&#8221;{}&#8221; custom_padding__hover=&#8221;|||&#8221;][et_pb_image src=&#8221;https:\/\/www.druesedau.de\/uploads\/_druesedau\/2017\/03\/Unbenannt-2.jpg&#8221; align_tablet=&#8221;center&#8221; align_last_edited=&#8221;on|desktop&#8221; admin_label=&#8221;Bild&#8221; _builder_version=&#8221;3.23&#8243; custom_margin=&#8221;-70px|-240px||60px&#8221; custom_margin_tablet=&#8221;&#8221; custom_margin_phone=&#8221;0px|0px||0px&#8221; custom_margin_last_edited=&#8221;on|phone&#8221; animation_style=&#8221;slide&#8221; animation_direction=&#8221;left&#8221; animation_duration=&#8221;500ms&#8221; animation_intensity_slide=&#8221;10%&#8221; animation=&#8221;left&#8221; use_border_color=&#8221;off&#8221; border_color=&#8221;#ffffff&#8221; border_style=&#8221;solid&#8221; sticky=&#8221;off&#8221; always_center_on_mobile=&#8221;on&#8221; global_colors_info=&#8221;{}&#8221; align_phone=&#8221;center&#8221;] [\/et_pb_image][\/et_pb_column][et_pb_column type=&#8221;1_2&#8243; _builder_version=&#8221;3.25&#8243; custom_padding=&#8221;|||&#8221; global_colors_info=&#8221;{}&#8221; custom_padding__hover=&#8221;|||&#8221;][et_pb_blurb image_icon_width=&#8221;none&#8221; admin_label=&#8221;Informationstext&#8221; _builder_version=&#8221;4.13.0&#8243; header_font=&#8221;Old Standard TT||||&#8221; header_font_size=&#8221;40&#8243; background_color=&#8221;#ffffff&#8221; background_size=&#8221;initial&#8221; background_position=&#8221;top_left&#8221; background_repeat=&#8221;repeat&#8221; custom_margin=&#8221;30px|30px|30px|30px&#8221; custom_margin_tablet=&#8221;&#8221; custom_margin_phone=&#8221;0px|0px|0px|0px&#8221; custom_margin_last_edited=&#8221;on|phone&#8221; custom_padding=&#8221;30px|30px|30px|30px&#8221; custom_padding_tablet=&#8221;&#8221; custom_padding_phone=&#8221;0px|0px|0px|0px&#8221; custom_padding_last_edited=&#8221;on|phone&#8221; animation=&#8221;right&#8221; header_font_size_tablet=&#8221;&#8221; header_font_size_phone=&#8221;24&#8243; header_font_size_last_edited=&#8221;on|phone&#8221; use_border_color=&#8221;off&#8221; border_color=&#8221;#ffffff&#8221; border_style=&#8221;solid&#8221; image_max_width=&#8221;none&#8221; use_circle=&#8221;off&#8221; use_circle_border=&#8221;off&#8221; circle_border_color=&#8221;#00a6cf&#8221; circle_color=&#8221;#00a6cf&#8221; global_colors_info=&#8221;{}&#8221;]We meet all your requirements. In assortings from Exclusiv to Rustikal. With a large number of natural and durable surfaces. You are looking for an exclusive flooring for your living room, your kitchen or your vacation home in Brighton? Your villa in Cologne or your hotel in Paris is in need of a new parquet? You want to refresh the atmosphere in your country inn?<\/p>\n<p>Irrelevant if 20 m\u00b2 or 5.000 m\u00b2: We love to support you in your construction projects and will supply you with advice and action. Of course we also have fitting skirtings and stairs for every kind of our flooring. We advise you. Begin in the planning phase, continue to execution and finalize with maintenance of you finished flooring. Always. And of course in your favour.<br \/>\n[\/et_pb_blurb][\/et_pb_column][\/et_pb_row][\/et_pb_section][et_pb_section fb_built=&#8221;1&#8243; custom_padding_last_edited=&#8221;on|desktop&#8221; disabled_on=&#8221;off|off|off&#8221; admin_label=&#8221;Sektion&#8221; _builder_version=&#8221;3.22.3&#8243; background_color=&#8221;#ffffff&#8221; custom_padding_tablet=&#8221;50px|0|50px|0&#8243; transparent_background=&#8221;off&#8221; padding_mobile=&#8221;off&#8221; make_fullwidth=&#8221;off&#8221; use_custom_width=&#8221;off&#8221; width_unit=&#8221;on&#8221; global_module=&#8221;3292&#8243; global_colors_info=&#8221;{}&#8221; custom_padding_phone=&#8221;50px|0|50px|0&#8243;][et_pb_row column_structure=&#8221;1_3,1_3,1_3&#8243; _builder_version=&#8221;3.25&#8243; background_size=&#8221;initial&#8221; background_position=&#8221;top_left&#8221; background_repeat=&#8221;repeat&#8221; global_colors_info=&#8221;{}&#8221;][et_pb_column type=&#8221;1_3&#8243; _builder_version=&#8221;3.25&#8243; custom_padding=&#8221;|||&#8221; global_colors_info=&#8221;{}&#8221; custom_padding__hover=&#8221;|||&#8221;][et_pb_text admin_label=&#8221;Kontakt&#8221; _builder_version=&#8221;4.14.8&#8243; text_font=&#8221;Old Standard TT|on|||&#8221; text_text_color=&#8221;#3f3f3f&#8221; text_font_size=&#8221;30&#8243; background_color=&#8221;rgba(255,255,255,0)&#8221; parallax=&#8221;on&#8221; parallax_method=&#8221;off&#8221; use_border_color=&#8221;off&#8221; global_colors_info=&#8221;{}&#8221;]<\/p>\n<p style=\"text-align: center;\">Contact Us<\/p>\n<p>[\/et_pb_text][et_pb_text _builder_version=&#8221;4.14.8&#8243; text_text_color=&#8221;#8e8e8e&#8221; background_size=&#8221;initial&#8221; background_position=&#8221;top_left&#8221; background_repeat=&#8221;repeat&#8221; text_orientation=&#8221;center&#8221; module_alignment=&#8221;center&#8221; use_border_color=&#8221;off&#8221; global_colors_info=&#8221;{}&#8221;]<\/p>\n<p><span style=\"color: #8e8e8e;\">Phone: <a href=\"tel:+49669596060\">+49 66 95 &#8211; 96 06 &#8211; 0<\/a><\/span><br \/><span style=\"color: #8e8e8e;\">Fax: <a href=\"fax:+496695960622\">+49 66 95 &#8211; 96 06 &#8211; 22<\/a><\/span><br \/><a href=\"mailto:info@druesedau.de\"><span style=\"color: #8e8e8e;\">info@druesedau.de<\/span><\/a><\/p>\n<p>[\/et_pb_text][\/et_pb_column][et_pb_column type=&#8221;1_3&#8243; _builder_version=&#8221;3.25&#8243; custom_padding=&#8221;|||&#8221; global_colors_info=&#8221;{}&#8221; custom_padding__hover=&#8221;|||&#8221;][et_pb_text admin_label=&#8221;\u00d6ffnungszeiten&#8221; _builder_version=&#8221;4.14.8&#8243; text_font=&#8221;Old Standard TT|on|||&#8221; text_text_color=&#8221;#3f3f3f&#8221; text_font_size=&#8221;30&#8243; background_size=&#8221;initial&#8221; background_position=&#8221;top_left&#8221; background_repeat=&#8221;repeat&#8221; use_border_color=&#8221;off&#8221; global_colors_info=&#8221;{}&#8221;]<\/p>\n<p style=\"text-align: center;\">Opening Hours<\/p>\n<p>[\/et_pb_text][et_pb_text _builder_version=&#8221;4.14.8&#8243; text_text_color=&#8221;#8e8e8e&#8221; background_size=&#8221;initial&#8221; background_position=&#8221;top_left&#8221; background_repeat=&#8221;repeat&#8221; text_orientation=&#8221;center&#8221; module_alignment=&#8221;center&#8221; use_border_color=&#8221;off&#8221; global_colors_info=&#8221;{}&#8221;]<\/p>\n<p>Mo \u2013 Fr<br \/>7.00 AM \u2013 12.30 PM &amp; 13.30 \u2013 16.00 PM<\/p>\n<p>[\/et_pb_text][\/et_pb_column][et_pb_column type=&#8221;1_3&#8243; _builder_version=&#8221;3.25&#8243; custom_padding=&#8221;|||&#8221; global_colors_info=&#8221;{}&#8221; custom_padding__hover=&#8221;|||&#8221;][et_pb_text admin_label=&#8221;Anschrift&#8221; _builder_version=&#8221;4.14.8&#8243; text_font=&#8221;Old Standard TT|on|||&#8221; text_text_color=&#8221;#3f3f3f&#8221; text_font_size=&#8221;30&#8243; background_size=&#8221;initial&#8221; background_position=&#8221;top_left&#8221; background_repeat=&#8221;repeat&#8221; use_border_color=&#8221;off&#8221; global_colors_info=&#8221;{}&#8221;]<\/p>\n<p style=\"text-align: center;\">Address<\/p>\n<p>[\/et_pb_text][et_pb_text _builder_version=&#8221;3.27.4&#8243; text_text_color=&#8221;#8e8e8e&#8221; background_size=&#8221;initial&#8221; background_position=&#8221;top_left&#8221; background_repeat=&#8221;repeat&#8221; text_orientation=&#8221;center&#8221; module_alignment=&#8221;center&#8221; use_border_color=&#8221;off&#8221; global_colors_info=&#8221;{}&#8221;]<\/p>\n<p class=\"bodytext\">Dr\u00fcsedau u. M\u00fcller GmbH &amp; Co. KG<br \/>Bahnhof Densberg<br \/>34632 Jesberg-Densberg<\/p>\n<p>[\/et_pb_text][\/et_pb_column][\/et_pb_row][\/et_pb_section]<\/p>\n","protected":false},"excerpt":{"rendered":"<p>We manufacture wooden flooring according to your individual requirements. Every flooring is unique. Classic solid parquet with our without surface. Also as parquet-panels and 2-layer engineered parquet in extraordinary sizes and great optics. Solid planks. Extra solid constructed 2-layer engineered planks. Sizes up to a width of 30cm and a length of 7m. We also [&hellip;]<\/p>\n","protected":false},"author":747,"featured_media":0,"parent":6864,"menu_order":0,"comment_status":"closed","ping_status":"closed","template":"","meta":{"_acf_changed":false,"_et_pb_use_builder":"on","_et_pb_old_content":"","_et_gb_content_width":"","footnotes":""},"class_list":["post-6867","page","type-page","status-publish","hentry"],"acf":[],"yoast_head":"<!-- This site is optimized with the Yoast SEO plugin v27.5 - https:\/\/yoast.com\/product\/yoast-seo-wordpress\/ -->\n<title>Range Of Services - Dr\u00fcsedau<\/title>\n<meta name=\"robots\" content=\"index, follow, max-snippet:-1, max-image-preview:large, max-video-preview:-1\" \/>\n<link rel=\"canonical\" href=\"https:\/\/www.druesedau.de\/en\/manufactory\/range-of-services\/\" \/>\n<meta property=\"og:locale\" content=\"en_US\" \/>\n<meta property=\"og:type\" content=\"article\" \/>\n<meta property=\"og:title\" content=\"Range Of Services - Dr\u00fcsedau\" \/>\n<meta property=\"og:description\" content=\"We manufacture wooden flooring according to your individual requirements. Every flooring is unique. Classic solid parquet with our without surface. Also as parquet-panels and 2-layer engineered parquet in extraordinary sizes and great optics. Solid planks. Extra solid constructed 2-layer engineered planks. Sizes up to a width of 30cm and a length of 7m. We also [&hellip;]\" \/>\n<meta property=\"og:url\" content=\"https:\/\/www.druesedau.de\/en\/manufactory\/range-of-services\/\" \/>\n<meta property=\"og:site_name\" content=\"Dr\u00fcsedau\" \/>\n<meta property=\"article:modified_time\" content=\"2022-11-01T12:26:37+00:00\" \/>\n<meta name=\"twitter:card\" content=\"summary_large_image\" \/>\n<meta name=\"twitter:label1\" content=\"Est. reading time\" \/>\n\t<meta name=\"twitter:data1\" content=\"4 minutes\" \/>\n<script type=\"application\/ld+json\" class=\"yoast-schema-graph\">{\"@context\":\"https:\\\/\\\/schema.org\",\"@graph\":[{\"@type\":\"WebPage\",\"@id\":\"https:\\\/\\\/www.druesedau.de\\\/en\\\/manufactory\\\/range-of-services\\\/\",\"url\":\"https:\\\/\\\/www.druesedau.de\\\/en\\\/manufactory\\\/range-of-services\\\/\",\"name\":\"Range Of Services - Dr\u00fcsedau\",\"isPartOf\":{\"@id\":\"https:\\\/\\\/www.druesedau.de\\\/#website\"},\"datePublished\":\"2019-02-23T09:46:36+00:00\",\"dateModified\":\"2022-11-01T12:26:37+00:00\",\"breadcrumb\":{\"@id\":\"https:\\\/\\\/www.druesedau.de\\\/en\\\/manufactory\\\/range-of-services\\\/#breadcrumb\"},\"inLanguage\":\"en-US\",\"potentialAction\":[{\"@type\":\"ReadAction\",\"target\":[\"https:\\\/\\\/www.druesedau.de\\\/en\\\/manufactory\\\/range-of-services\\\/\"]}]},{\"@type\":\"BreadcrumbList\",\"@id\":\"https:\\\/\\\/www.druesedau.de\\\/en\\\/manufactory\\\/range-of-services\\\/#breadcrumb\",\"itemListElement\":[{\"@type\":\"ListItem\",\"position\":1,\"name\":\"Startseite\",\"item\":\"https:\\\/\\\/www.druesedau.de\\\/en\\\/\"},{\"@type\":\"ListItem\",\"position\":2,\"name\":\"Manufactory\",\"item\":\"https:\\\/\\\/www.druesedau.de\\\/en\\\/manufactory\\\/\"},{\"@type\":\"ListItem\",\"position\":3,\"name\":\"Range Of Services\"}]},{\"@type\":\"WebSite\",\"@id\":\"https:\\\/\\\/www.druesedau.de\\\/#website\",\"url\":\"https:\\\/\\\/www.druesedau.de\\\/\",\"name\":\"Dr\u00fcsedau\",\"description\":\"Stilvoll Auftreten\",\"potentialAction\":[{\"@type\":\"SearchAction\",\"target\":{\"@type\":\"EntryPoint\",\"urlTemplate\":\"https:\\\/\\\/www.druesedau.de\\\/?s={search_term_string}\"},\"query-input\":{\"@type\":\"PropertyValueSpecification\",\"valueRequired\":true,\"valueName\":\"search_term_string\"}}],\"inLanguage\":\"en-US\"}]}<\/script>\n<!-- \/ Yoast SEO plugin. -->","yoast_head_json":{"title":"Range Of Services - Dr\u00fcsedau","robots":{"index":"index","follow":"follow","max-snippet":"max-snippet:-1","max-image-preview":"max-image-preview:large","max-video-preview":"max-video-preview:-1"},"canonical":"https:\/\/www.druesedau.de\/en\/manufactory\/range-of-services\/","og_locale":"en_US","og_type":"article","og_title":"Range Of Services - Dr\u00fcsedau","og_description":"We manufacture wooden flooring according to your individual requirements. Every flooring is unique. Classic solid parquet with our without surface. Also as parquet-panels and 2-layer engineered parquet in extraordinary sizes and great optics. Solid planks. Extra solid constructed 2-layer engineered planks. Sizes up to a width of 30cm and a length of 7m. We also [&hellip;]","og_url":"https:\/\/www.druesedau.de\/en\/manufactory\/range-of-services\/","og_site_name":"Dr\u00fcsedau","article_modified_time":"2022-11-01T12:26:37+00:00","twitter_card":"summary_large_image","twitter_misc":{"Est. reading time":"4 minutes"},"schema":{"@context":"https:\/\/schema.org","@graph":[{"@type":"WebPage","@id":"https:\/\/www.druesedau.de\/en\/manufactory\/range-of-services\/","url":"https:\/\/www.druesedau.de\/en\/manufactory\/range-of-services\/","name":"Range Of Services - Dr\u00fcsedau","isPartOf":{"@id":"https:\/\/www.druesedau.de\/#website"},"datePublished":"2019-02-23T09:46:36+00:00","dateModified":"2022-11-01T12:26:37+00:00","breadcrumb":{"@id":"https:\/\/www.druesedau.de\/en\/manufactory\/range-of-services\/#breadcrumb"},"inLanguage":"en-US","potentialAction":[{"@type":"ReadAction","target":["https:\/\/www.druesedau.de\/en\/manufactory\/range-of-services\/"]}]},{"@type":"BreadcrumbList","@id":"https:\/\/www.druesedau.de\/en\/manufactory\/range-of-services\/#breadcrumb","itemListElement":[{"@type":"ListItem","position":1,"name":"Startseite","item":"https:\/\/www.druesedau.de\/en\/"},{"@type":"ListItem","position":2,"name":"Manufactory","item":"https:\/\/www.druesedau.de\/en\/manufactory\/"},{"@type":"ListItem","position":3,"name":"Range Of Services"}]},{"@type":"WebSite","@id":"https:\/\/www.druesedau.de\/#website","url":"https:\/\/www.druesedau.de\/","name":"Dr\u00fcsedau","description":"Stilvoll Auftreten","potentialAction":[{"@type":"SearchAction","target":{"@type":"EntryPoint","urlTemplate":"https:\/\/www.druesedau.de\/?s={search_term_string}"},"query-input":{"@type":"PropertyValueSpecification","valueRequired":true,"valueName":"search_term_string"}}],"inLanguage":"en-US"}]}},"_links":{"self":[{"href":"https:\/\/www.druesedau.de\/en\/wp-json\/wp\/v2\/pages\/6867","targetHints":{"allow":["GET"]}}],"collection":[{"href":"https:\/\/www.druesedau.de\/en\/wp-json\/wp\/v2\/pages"}],"about":[{"href":"https:\/\/www.druesedau.de\/en\/wp-json\/wp\/v2\/types\/page"}],"author":[{"embeddable":true,"href":"https:\/\/www.druesedau.de\/en\/wp-json\/wp\/v2\/users\/747"}],"replies":[{"embeddable":true,"href":"https:\/\/www.druesedau.de\/en\/wp-json\/wp\/v2\/comments?post=6867"}],"version-history":[{"count":4,"href":"https:\/\/www.druesedau.de\/en\/wp-json\/wp\/v2\/pages\/6867\/revisions"}],"predecessor-version":[{"id":8794,"href":"https:\/\/www.druesedau.de\/en\/wp-json\/wp\/v2\/pages\/6867\/revisions\/8794"}],"up":[{"embeddable":true,"href":"https:\/\/www.druesedau.de\/en\/wp-json\/wp\/v2\/pages\/6864"}],"wp:attachment":[{"href":"https:\/\/www.druesedau.de\/en\/wp-json\/wp\/v2\/media?parent=6867"}],"curies":[{"name":"wp","href":"https:\/\/api.w.org\/{rel}","templated":true}]}}