{"id":7568,"date":"2016-04-13T16:12:08","date_gmt":"2016-04-13T14:12:08","guid":{"rendered":"https:\/\/www.druesedau.de\/impressum\/"},"modified":"2025-10-31T20:44:38","modified_gmt":"2025-10-31T19:44:38","slug":"impressum","status":"publish","type":"page","link":"https:\/\/www.druesedau.de\/en\/impressum\/","title":{"rendered":"Impressum"},"content":{"rendered":"<p>[et_pb_section fb_built=&#8221;1&#8243; _builder_version=&#8221;4.16&#8243; global_colors_info=&#8221;{}&#8221;][et_pb_row _builder_version=&#8221;4.16&#8243; background_size=&#8221;initial&#8221; background_position=&#8221;top_left&#8221; background_repeat=&#8221;repeat&#8221; global_colors_info=&#8221;{}&#8221;][et_pb_column type=&#8221;4_4&#8243; _builder_version=&#8221;4.16&#8243; custom_padding=&#8221;|||&#8221; global_colors_info=&#8221;{}&#8221; custom_padding__hover=&#8221;|||&#8221;][et_pb_post_title meta=&#8221;off&#8221; featured_image=&#8221;off&#8221; admin_label=&#8221;\u00dcberschrift&#8221; _builder_version=&#8221;4.14.2&#8243; title_font=&#8221;Old Standard TT|on|||&#8221; title_text_color=&#8221;#1e1e1e&#8221; title_font_size=&#8221;40px&#8221; title_letter_spacing=&#8221;1px&#8221; title_all_caps=&#8221;off&#8221; background_color=&#8221;rgba(255,255,255,0)&#8221; parallax=&#8221;on&#8221; parallax_method=&#8221;off&#8221; title_font_size_tablet=&#8221;&#8221; title_font_size_phone=&#8221;36px&#8221; title_font_size_last_edited=&#8221;on|desktop&#8221; parallax_effect=&#8221;on&#8221; module_bg_color=&#8221;rgba(255,255,255,0)&#8221; use_border_color=&#8221;off&#8221; border_color=&#8221;#ffffff&#8221; border_style=&#8221;solid&#8221; global_module=&#8221;3337&#8243; saved_tabs=&#8221;all&#8221; global_colors_info=&#8221;{}&#8221;][\/et_pb_post_title][et_pb_text _builder_version=&#8221;4.24.2&#8243; hover_enabled=&#8221;0&#8243; use_border_color=&#8221;off&#8221; global_colors_info=&#8221;{}&#8221; sticky_enabled=&#8221;0&#8243;]<\/p>\n<p class=\"bodytext\">Angaben gem\u00e4\u00df \u00a7 5 DDG:<\/p>\n<p class=\"bodytext\">Dr\u00fcsedau u. M\u00fcller GmbH &amp; Co. KG i. L.<br \/>Parkett- und Leistenfabrik, Holzhandlung<br \/>Bahnhof Densberg<br \/>34632 Jesberg-Densberg<\/p>\n<h4>Vertreten durch:<\/h4>\n<p class=\"bodytext\">Gesch\u00e4ftsf\u00fchrer Alexander Dr\u00fcsedau<\/p>\n<h4>Kontakt:<\/h4>\n<p class=\"bodytext\">Telefon: 0 66 95 &#8211; 96 06 &#8211; 0<br \/>Telefax: 0 66 95 &#8211; 96 06 &#8211; 22<br \/>E-Mail: info@druesedau.de<\/p>\n<h4>Registereintrag:<\/h4>\n<p class=\"bodytext\">Eintragung im Handelsregister<br \/>Registergericht: Amtsgericht Fritzlar<br \/>Registernummer KG: HRA 11005<br \/>Pers. haftende Gesellschafterin Adligna GmbH<br \/>Registernummer GmbH: HRB 8105<\/p>\n<h4>Umsatzsteuer-ID:<\/h4>\n<p class=\"bodytext\">Umsatzsteuer-Identifikationsnummer gem\u00e4\u00df \u00a727 a Umsatzsteuergesetz:<br \/>DE112919015<\/p>\n<p class=\"bodytext\">Quelle:\u00a0<i>Mit dem von\u00a0<a href=\"http:\/\/www.e-recht24.de\/\" rel=\"nofollow\">eRecht24<\/a>\u00a0bereitgestellten Impressum-Generator erzeugt.<\/i><\/p>\n<h4>Haftungsausschluss:<\/h4>\n<p class=\"bodytext\"><b>Haftung f\u00fcr Inhalte<\/b><\/p>\n<p class=\"bodytext\">Die Inhalte unserer Seiten wurden mit gr\u00f6\u00dfter Sorgfalt erstellt. F\u00fcr die Richtigkeit, Vollst\u00e4ndigkeit und Aktualit\u00e4t der Inhalte k\u00f6nnen wir jedoch keine Gew\u00e4hr \u00fcbernehmen. Als Diensteanbieter sind wir gem\u00e4\u00df \u00a7 7 Abs.1 DDG f\u00fcr eigene Inhalte auf diesen Seiten nach den allgemeinen Gesetzen verantwortlich. Nach \u00a7\u00a7 8 bis 10 DDG sind wir als Diensteanbieter jedoch nicht verpflichtet, \u00fcbermittelte oder gespeicherte fremde Informationen zu \u00fcberwachen oder nach Umst\u00e4nden zu forschen, die auf eine rechtswidrige T\u00e4tigkeit hinweisen. Verpflichtungen zur Entfernung oder Sperrung der Nutzung von Informationen nach den allgemeinen Gesetzen bleiben hiervon unber\u00fchrt. Eine diesbez\u00fcgliche Haftung ist jedoch erst ab dem Zeitpunkt der Kenntnis einer konkreten Rechtsverletzung m\u00f6glich. Bei Bekanntwerden von entsprechenden Rechtsverletzungen werden wir diese Inhalte umgehend entfernen.<\/p>\n<p class=\"bodytext\"><b>Haftung f\u00fcr Links<\/b><\/p>\n<p class=\"bodytext\">Unser Angebot enth\u00e4lt Links zu externen Webseiten Dritter, auf deren Inhalte wir keinen Einfluss haben. Deshalb k\u00f6nnen wir f\u00fcr diese fremden Inhalte auch keine Gew\u00e4hr \u00fcbernehmen. F\u00fcr die Inhalte der verlinkten Seiten ist stets der jeweilige Anbieter oder Betreiber der Seiten verantwortlich. Die verlinkten Seiten wurden zum Zeitpunkt der Verlinkung auf m\u00f6gliche Rechtsverst\u00f6\u00dfe \u00fcberpr\u00fcft. Rechtswidrige Inhalte waren zum Zeitpunkt der Verlinkung nicht erkennbar. Eine permanente inhaltliche Kontrolle der verlinkten Seiten ist jedoch ohne konkrete Anhaltspunkte einer Rechtsverletzung nicht zumutbar. Bei Bekanntwerden von Rechtsverletzungen werden wir derartige Links umgehend entfernen.<\/p>\n<p class=\"bodytext\"><b>Urheberrecht<\/b><\/p>\n<p class=\"bodytext\">Die durch die Seitenbetreiber erstellten Inhalte und Werke auf diesen Seiten unterliegen dem deutschen Urheberrecht. Die Vervielf\u00e4ltigung, Bearbeitung, Verbreitung und jede Art der Verwertung au\u00dferhalb der Grenzen des Urheberrechtes bed\u00fcrfen der schriftlichen Zustimmung des jeweiligen Autors bzw. Erstellers. Downloads und Kopien dieser Seite sind nur f\u00fcr den privaten, nicht kommerziellen Gebrauch gestattet. Soweit die Inhalte auf dieser Seite nicht vom Betreiber erstellt wurden, werden die Urheberrechte Dritter beachtet. Insbesondere werden Inhalte Dritter als solche gekennzeichnet. Sollten Sie trotzdem auf eine Urheberrechtsverletzung aufmerksam werden, bitten wir um einen entsprechenden Hinweis. Bei Bekanntwerden von Rechtsverletzungen werden wir derartige Inhalte umgehend entfernen.<\/p>\n<p class=\"bodytext\"><i>Quellenangaben:\u00a0<a href=\"http:\/\/www.e-recht24.de\/muster-disclaimer.htm\" target=\"_blank\" rel=\"noopener noreferrer\">eRecht24 Disclaimer<\/a>,\u00a0<a href=\"http:\/\/www.e-recht24.de\/artikel\/datenschutz\/6590-facebook-like-button-datenschutz-disclaimer.html\" target=\"_blank\" rel=\"noopener noreferrer\">Facebook Datenschutzerkl\u00e4rung<\/a><\/i><\/p>\n<p class=\"bodytext\"><b>Statistische Auswertungen mit PIWIK<\/b><\/p>\n<p class=\"bodytext\">Diese Website benutzt Piwik, eine Open-Source-Software zur statistischen Auswertung der Besucherzugriffe. Piwik verwendet sog. \u201cCookies\u201d, Textdateien, die auf Ihrem Computer gespeichert werden und die eine Analyse der Benutzung der Website durch Sie erm\u00f6glichen. Die durch den Cookie erzeugten Informationen \u00fcber Ihre Benutzung dieses Internetangebotes werden auf dem Server des Anbieters in Deutschland gespeichert. Die IP-Adresse wird sofort nach der Verarbeitung und vor deren Speicherung anonymisiert. Sie k\u00f6nnen die Installation der Cookies durch eine entsprechende Einstellung Ihrer Browser Software verhindern; wir weisen Sie jedoch darauf hin, dass Sie in diesem Fall gegebenenfalls nicht s\u00e4mtliche Funktionen dieser Website vollumf\u00e4nglich nutzen k\u00f6nnen.<\/p>\n<h4>Bildnachweis<\/h4>\n<p><a href=\"http:\/\/www.lichtwerk-christianplaum.de\/lichtwerk_christian_plaum\/lichtwerk___christian_plaum_Fotostudio,_Fotografie,_Videografie,_Werbefotografie,_Hochzeitsfotografie,_Industriefotografie,_Beauty-_,People-_,Fashionfotografie,_Photographer.html\" target=\"_blank\" rel=\"noopener noreferrer\">Lichtwerk<\/a>, Pano, Unsplash, Shutterstock<\/p>\n<p>&nbsp;<\/p>\n<h4>Konzept, Design und Entwicklung von<\/h4>\n<h4><a href=\"http:\/\/provinzglueck.com\/\" target=\"_blank\" rel=\"noopener noreferrer\">\u00a0<\/a><a href=\"http:\/\/provinzglueck.com\/\" target=\"_blank\" rel=\"noopener noreferrer\"><img decoding=\"async\" class=\"alignnone\" src=\"http:\/\/provinzglueck.com\/pg-logo-mail.png\" alt=\"\" width=\"340\" height=\"64\" \/>\u00a0 \u00a0 <\/a><\/h4>\n<p><a href=\"https:\/\/www.provinzglueck.com\"><span style=\"font-weight: 400;\">Provinzgl\u00fcck \u2013 die kreative Werbeagentur aus Mittelhessen<\/span><\/a><\/p>\n<p><i><span style=\"font-weight: 400;\">Mehr zu unseren Projekten &amp; dem kreativen Prozess bei Provinzgl\u00fcck erfahren Sie<\/span><\/i><a href=\"https:\/\/www.provinzglueck.com\/projekte\"> <i><span style=\"font-weight: 400;\">hier<\/span><\/i><\/a><i><span style=\"font-weight: 400;\">.<\/span><\/i><\/p>\n<p>&nbsp;<\/p>\n<h4><a href=\"http:\/\/janssen-media.de\/\" target=\"_blank\" rel=\"noopener noreferrer\"><img decoding=\"async\" class=\"alignnone wp-image-4731 size-full\" src=\"https:\/\/druesedau.de\/uploads\/_druesedau\/2016\/04\/janssen-media-logo.png\" alt=\"\" width=\"250\" height=\"62\" \/><\/a><\/h4>\n<p>[\/et_pb_text][\/et_pb_column][\/et_pb_row][\/et_pb_section][et_pb_section fb_built=&#8221;1&#8243; custom_padding_last_edited=&#8221;on|desktop&#8221; disabled_on=&#8221;off|off|off&#8221; admin_label=&#8221;Sektion&#8221; _builder_version=&#8221;4.16&#8243; background_color=&#8221;RGBA(255,255,255,0)&#8221; custom_padding_tablet=&#8221;50px|0|50px|0&#8243; custom_padding_phone=&#8221;&#8221; transparent_background=&#8221;off&#8221; padding_mobile=&#8221;off&#8221; make_fullwidth=&#8221;off&#8221; use_custom_width=&#8221;off&#8221; width_unit=&#8221;on&#8221; global_module=&#8221;3292&#8243; global_colors_info=&#8221;{}&#8221;][et_pb_row column_structure=&#8221;1_3,1_3,1_3&#8243; _builder_version=&#8221;4.16&#8243; background_size=&#8221;initial&#8221; background_position=&#8221;top_left&#8221; background_repeat=&#8221;repeat&#8221; global_colors_info=&#8221;{}&#8221;][et_pb_column type=&#8221;1_3&#8243; _builder_version=&#8221;4.16&#8243; custom_padding=&#8221;|||&#8221; global_colors_info=&#8221;{}&#8221; custom_padding__hover=&#8221;|||&#8221;][et_pb_text admin_label=&#8221;Kontakt&#8221; _builder_version=&#8221;4.16&#8243; text_font=&#8221;Old Standard TT|on|||&#8221; text_text_color=&#8221;#3f3f3f&#8221; text_font_size=&#8221;30&#8243; background_color=&#8221;rgba(255,255,255,0)&#8221; parallax=&#8221;on&#8221; parallax_method=&#8221;off&#8221; use_border_color=&#8221;off&#8221; global_colors_info=&#8221;{}&#8221;]<\/p>\n<p style=\"text-align: center;\">Kontakt<\/p>\n<p>[\/et_pb_text][et_pb_text _builder_version=&#8221;4.16&#8243; text_text_color=&#8221;#8E8E8E&#8221; background_size=&#8221;initial&#8221; background_position=&#8221;top_left&#8221; background_repeat=&#8221;repeat&#8221; text_orientation=&#8221;center&#8221; module_alignment=&#8221;center&#8221; use_border_color=&#8221;off&#8221; global_colors_info=&#8221;{}&#8221;]<\/p>\n<p>Tel: <a href=\"tel:+49669596060\">0 66 95 &#8211; 96 06 &#8211; 0<\/a><br \/>Fax: <a href=\"fax:+496695960622\">0 66 95 &#8211; 96 06 &#8211; 22<\/a><br \/><a href=\"mailto:info@druesedau.de\">info@druesedau.de<\/a><\/p>\n<p>[\/et_pb_text][\/et_pb_column][et_pb_column type=&#8221;1_3&#8243; _builder_version=&#8221;4.16&#8243; custom_padding=&#8221;|||&#8221; global_colors_info=&#8221;{}&#8221; custom_padding__hover=&#8221;|||&#8221;][et_pb_text admin_label=&#8221;\u00d6ffnungszeiten&#8221; _builder_version=&#8221;4.16&#8243; text_font=&#8221;Old Standard TT|on|||&#8221; text_text_color=&#8221;#3f3f3f&#8221; text_font_size=&#8221;30&#8243; background_size=&#8221;initial&#8221; background_position=&#8221;top_left&#8221; background_repeat=&#8221;repeat&#8221; use_border_color=&#8221;off&#8221; global_colors_info=&#8221;{}&#8221;]<\/p>\n<p style=\"text-align: center;\">\u00d6ffnungszeiten<\/p>\n<p>[\/et_pb_text][et_pb_text _builder_version=&#8221;4.24.2&#8243; text_text_color=&#8221;#8E8E8E&#8221; background_size=&#8221;initial&#8221; background_position=&#8221;top_left&#8221; background_repeat=&#8221;repeat&#8221; text_orientation=&#8221;center&#8221; module_alignment=&#8221;center&#8221; use_border_color=&#8221;off&#8221; global_colors_info=&#8221;{}&#8221;]<\/p>\n<p>Mo \u2013 Do<br \/>8.00 \u2013 12.30 &amp; 13.30 \u2013 16.00 Uhr<\/p>\n<p>Fr<br \/>8.00 \u2013 13.00 Uhr<\/p>\n<p>oder nach Vereinbarung<\/p>\n<p>[\/et_pb_text][\/et_pb_column][et_pb_column type=&#8221;1_3&#8243; _builder_version=&#8221;4.16&#8243; custom_padding=&#8221;|||&#8221; global_colors_info=&#8221;{}&#8221; custom_padding__hover=&#8221;|||&#8221;][et_pb_text admin_label=&#8221;Anschrift&#8221; _builder_version=&#8221;4.16&#8243; text_font=&#8221;Old Standard TT|on|||&#8221; text_text_color=&#8221;#3f3f3f&#8221; text_font_size=&#8221;30&#8243; background_size=&#8221;initial&#8221; background_position=&#8221;top_left&#8221; background_repeat=&#8221;repeat&#8221; use_border_color=&#8221;off&#8221; global_colors_info=&#8221;{}&#8221;]<\/p>\n<p style=\"text-align: center;\">Anschrift<\/p>\n<p>[\/et_pb_text][et_pb_text _builder_version=&#8221;4.16&#8243; text_text_color=&#8221;#8E8E8E&#8221; background_size=&#8221;initial&#8221; background_position=&#8221;top_left&#8221; background_repeat=&#8221;repeat&#8221; text_orientation=&#8221;center&#8221; module_alignment=&#8221;center&#8221; use_border_color=&#8221;off&#8221; global_colors_info=&#8221;{}&#8221;]<\/p>\n<p class=\"bodytext\">Dr\u00fcsedau u. M\u00fcller GmbH &amp; Co. KG<br \/>Bahnhof Densberg<br \/>34632 Jesberg-Densberg<\/p>\n<p>[\/et_pb_text][\/et_pb_column][\/et_pb_row][\/et_pb_section]<\/p>\n","protected":false},"excerpt":{"rendered":"<p>Angaben gem\u00e4\u00df \u00a7 5 DDG: Dr\u00fcsedau u. M\u00fcller GmbH &amp; Co. KG i. L.Parkett- und Leistenfabrik, HolzhandlungBahnhof Densberg34632 Jesberg-Densberg Vertreten durch: Gesch\u00e4ftsf\u00fchrer Alexander Dr\u00fcsedau Kontakt: Telefon: 0 66 95 &#8211; 96 06 &#8211; 0Telefax: 0 66 95 &#8211; 96 06 &#8211; 22E-Mail: info@druesedau.de Registereintrag: Eintragung im HandelsregisterRegistergericht: Amtsgericht FritzlarRegisternummer KG: HRA 11005Pers. haftende Gesellschafterin Adligna [&hellip;]<\/p>\n","protected":false},"author":2,"featured_media":0,"parent":0,"menu_order":22,"comment_status":"closed","ping_status":"closed","template":"","meta":{"_acf_changed":false,"_et_pb_use_builder":"on","_et_pb_old_content":"","_et_gb_content_width":"","footnotes":""},"class_list":["post-7568","page","type-page","status-publish","hentry"],"acf":[],"yoast_head":"<!-- This site is optimized with the Yoast SEO plugin v27.5 - https:\/\/yoast.com\/product\/yoast-seo-wordpress\/ -->\n<title>Impressum - Dr\u00fcsedau<\/title>\n<meta name=\"robots\" content=\"index, follow, max-snippet:-1, max-image-preview:large, max-video-preview:-1\" \/>\n<link rel=\"canonical\" href=\"https:\/\/www.druesedau.de\/en\/impressum\/\" \/>\n<meta property=\"og:locale\" content=\"en_US\" \/>\n<meta property=\"og:type\" content=\"article\" \/>\n<meta property=\"og:title\" content=\"Impressum - Dr\u00fcsedau\" \/>\n<meta property=\"og:description\" content=\"Angaben gem\u00e4\u00df \u00a7 5 DDG: Dr\u00fcsedau u. M\u00fcller GmbH &amp; Co. KG i. L.Parkett- und Leistenfabrik, HolzhandlungBahnhof Densberg34632 Jesberg-Densberg Vertreten durch: Gesch\u00e4ftsf\u00fchrer Alexander Dr\u00fcsedau Kontakt: Telefon: 0 66 95 - 96 06 - 0Telefax: 0 66 95 - 96 06 - 22E-Mail: info@druesedau.de Registereintrag: Eintragung im HandelsregisterRegistergericht: Amtsgericht FritzlarRegisternummer KG: HRA 11005Pers. haftende Gesellschafterin Adligna [&hellip;]\" \/>\n<meta property=\"og:url\" content=\"https:\/\/www.druesedau.de\/en\/impressum\/\" \/>\n<meta property=\"og:site_name\" content=\"Dr\u00fcsedau\" \/>\n<meta property=\"article:modified_time\" content=\"2025-10-31T19:44:38+00:00\" \/>\n<meta property=\"og:image\" content=\"http:\/\/provinzglueck.com\/pg-logo-mail.png\" \/>\n<meta name=\"twitter:card\" content=\"summary_large_image\" \/>\n<meta name=\"twitter:label1\" content=\"Est. reading time\" \/>\n\t<meta name=\"twitter:data1\" content=\"4 minutes\" \/>\n<script type=\"application\/ld+json\" class=\"yoast-schema-graph\">{\"@context\":\"https:\\\/\\\/schema.org\",\"@graph\":[{\"@type\":\"WebPage\",\"@id\":\"https:\\\/\\\/www.druesedau.de\\\/en\\\/impressum\\\/\",\"url\":\"https:\\\/\\\/www.druesedau.de\\\/en\\\/impressum\\\/\",\"name\":\"Impressum - Dr\u00fcsedau\",\"isPartOf\":{\"@id\":\"https:\\\/\\\/www.druesedau.de\\\/#website\"},\"primaryImageOfPage\":{\"@id\":\"https:\\\/\\\/www.druesedau.de\\\/en\\\/impressum\\\/#primaryimage\"},\"image\":{\"@id\":\"https:\\\/\\\/www.druesedau.de\\\/en\\\/impressum\\\/#primaryimage\"},\"thumbnailUrl\":\"http:\\\/\\\/provinzglueck.com\\\/pg-logo-mail.png\",\"datePublished\":\"2016-04-13T14:12:08+00:00\",\"dateModified\":\"2025-10-31T19:44:38+00:00\",\"breadcrumb\":{\"@id\":\"https:\\\/\\\/www.druesedau.de\\\/en\\\/impressum\\\/#breadcrumb\"},\"inLanguage\":\"en-US\",\"potentialAction\":[{\"@type\":\"ReadAction\",\"target\":[\"https:\\\/\\\/www.druesedau.de\\\/en\\\/impressum\\\/\"]}]},{\"@type\":\"ImageObject\",\"inLanguage\":\"en-US\",\"@id\":\"https:\\\/\\\/www.druesedau.de\\\/en\\\/impressum\\\/#primaryimage\",\"url\":\"http:\\\/\\\/provinzglueck.com\\\/pg-logo-mail.png\",\"contentUrl\":\"http:\\\/\\\/provinzglueck.com\\\/pg-logo-mail.png\"},{\"@type\":\"BreadcrumbList\",\"@id\":\"https:\\\/\\\/www.druesedau.de\\\/en\\\/impressum\\\/#breadcrumb\",\"itemListElement\":[{\"@type\":\"ListItem\",\"position\":1,\"name\":\"Startseite\",\"item\":\"https:\\\/\\\/www.druesedau.de\\\/en\\\/\"},{\"@type\":\"ListItem\",\"position\":2,\"name\":\"Impressum\"}]},{\"@type\":\"WebSite\",\"@id\":\"https:\\\/\\\/www.druesedau.de\\\/#website\",\"url\":\"https:\\\/\\\/www.druesedau.de\\\/\",\"name\":\"Dr\u00fcsedau\",\"description\":\"Stilvoll Auftreten\",\"potentialAction\":[{\"@type\":\"SearchAction\",\"target\":{\"@type\":\"EntryPoint\",\"urlTemplate\":\"https:\\\/\\\/www.druesedau.de\\\/?s={search_term_string}\"},\"query-input\":{\"@type\":\"PropertyValueSpecification\",\"valueRequired\":true,\"valueName\":\"search_term_string\"}}],\"inLanguage\":\"en-US\"}]}<\/script>\n<!-- \/ Yoast SEO plugin. -->","yoast_head_json":{"title":"Impressum - Dr\u00fcsedau","robots":{"index":"index","follow":"follow","max-snippet":"max-snippet:-1","max-image-preview":"max-image-preview:large","max-video-preview":"max-video-preview:-1"},"canonical":"https:\/\/www.druesedau.de\/en\/impressum\/","og_locale":"en_US","og_type":"article","og_title":"Impressum - Dr\u00fcsedau","og_description":"Angaben gem\u00e4\u00df \u00a7 5 DDG: Dr\u00fcsedau u. M\u00fcller GmbH &amp; Co. KG i. L.Parkett- und Leistenfabrik, HolzhandlungBahnhof Densberg34632 Jesberg-Densberg Vertreten durch: Gesch\u00e4ftsf\u00fchrer Alexander Dr\u00fcsedau Kontakt: Telefon: 0 66 95 - 96 06 - 0Telefax: 0 66 95 - 96 06 - 22E-Mail: info@druesedau.de Registereintrag: Eintragung im HandelsregisterRegistergericht: Amtsgericht FritzlarRegisternummer KG: HRA 11005Pers. haftende Gesellschafterin Adligna [&hellip;]","og_url":"https:\/\/www.druesedau.de\/en\/impressum\/","og_site_name":"Dr\u00fcsedau","article_modified_time":"2025-10-31T19:44:38+00:00","og_image":[{"url":"http:\/\/provinzglueck.com\/pg-logo-mail.png","type":"","width":"","height":""}],"twitter_card":"summary_large_image","twitter_misc":{"Est. reading time":"4 minutes"},"schema":{"@context":"https:\/\/schema.org","@graph":[{"@type":"WebPage","@id":"https:\/\/www.druesedau.de\/en\/impressum\/","url":"https:\/\/www.druesedau.de\/en\/impressum\/","name":"Impressum - Dr\u00fcsedau","isPartOf":{"@id":"https:\/\/www.druesedau.de\/#website"},"primaryImageOfPage":{"@id":"https:\/\/www.druesedau.de\/en\/impressum\/#primaryimage"},"image":{"@id":"https:\/\/www.druesedau.de\/en\/impressum\/#primaryimage"},"thumbnailUrl":"http:\/\/provinzglueck.com\/pg-logo-mail.png","datePublished":"2016-04-13T14:12:08+00:00","dateModified":"2025-10-31T19:44:38+00:00","breadcrumb":{"@id":"https:\/\/www.druesedau.de\/en\/impressum\/#breadcrumb"},"inLanguage":"en-US","potentialAction":[{"@type":"ReadAction","target":["https:\/\/www.druesedau.de\/en\/impressum\/"]}]},{"@type":"ImageObject","inLanguage":"en-US","@id":"https:\/\/www.druesedau.de\/en\/impressum\/#primaryimage","url":"http:\/\/provinzglueck.com\/pg-logo-mail.png","contentUrl":"http:\/\/provinzglueck.com\/pg-logo-mail.png"},{"@type":"BreadcrumbList","@id":"https:\/\/www.druesedau.de\/en\/impressum\/#breadcrumb","itemListElement":[{"@type":"ListItem","position":1,"name":"Startseite","item":"https:\/\/www.druesedau.de\/en\/"},{"@type":"ListItem","position":2,"name":"Impressum"}]},{"@type":"WebSite","@id":"https:\/\/www.druesedau.de\/#website","url":"https:\/\/www.druesedau.de\/","name":"Dr\u00fcsedau","description":"Stilvoll Auftreten","potentialAction":[{"@type":"SearchAction","target":{"@type":"EntryPoint","urlTemplate":"https:\/\/www.druesedau.de\/?s={search_term_string}"},"query-input":{"@type":"PropertyValueSpecification","valueRequired":true,"valueName":"search_term_string"}}],"inLanguage":"en-US"}]}},"_links":{"self":[{"href":"https:\/\/www.druesedau.de\/en\/wp-json\/wp\/v2\/pages\/7568","targetHints":{"allow":["GET"]}}],"collection":[{"href":"https:\/\/www.druesedau.de\/en\/wp-json\/wp\/v2\/pages"}],"about":[{"href":"https:\/\/www.druesedau.de\/en\/wp-json\/wp\/v2\/types\/page"}],"author":[{"embeddable":true,"href":"https:\/\/www.druesedau.de\/en\/wp-json\/wp\/v2\/users\/2"}],"replies":[{"embeddable":true,"href":"https:\/\/www.druesedau.de\/en\/wp-json\/wp\/v2\/comments?post=7568"}],"version-history":[{"count":5,"href":"https:\/\/www.druesedau.de\/en\/wp-json\/wp\/v2\/pages\/7568\/revisions"}],"predecessor-version":[{"id":9948,"href":"https:\/\/www.druesedau.de\/en\/wp-json\/wp\/v2\/pages\/7568\/revisions\/9948"}],"wp:attachment":[{"href":"https:\/\/www.druesedau.de\/en\/wp-json\/wp\/v2\/media?parent=7568"}],"curies":[{"name":"wp","href":"https:\/\/api.w.org\/{rel}","templated":true}]}}