{"id":7615,"date":"2017-06-13T22:18:37","date_gmt":"2017-06-13T20:18:37","guid":{"rendered":"https:\/\/www.druesedau.de\/login-profil-anlegen\/"},"modified":"2017-06-13T22:18:37","modified_gmt":"2017-06-13T20:18:37","slug":"login-profil-anlegen","status":"publish","type":"page","link":"https:\/\/www.druesedau.de\/en\/login-profil-anlegen\/","title":{"rendered":"Login-Profil anlegen"},"content":{"rendered":"<p>[et_pb_section admin_label=&#8221;Sektion&#8221; fullwidth=&#8221;off&#8221; specialty=&#8221;off&#8221; transparent_background=&#8221;on&#8221; background_color=&#8221;#00a6cf&#8221; allow_player_pause=&#8221;off&#8221; inner_shadow=&#8221;off&#8221; parallax=&#8221;off&#8221; parallax_method=&#8221;off&#8221; padding_mobile=&#8221;off&#8221; make_fullwidth=&#8221;off&#8221; use_custom_width=&#8221;off&#8221; width_unit=&#8221;on&#8221; make_equal=&#8221;off&#8221; use_custom_gutter=&#8221;off&#8221; background_image=&#8221;https:\/\/druesedau.de\/uploads\/_druesedau\/2016\/02\/dmci0cmyjyk-samuel-scrimshaw_bearbeitet.jpg&#8221;][et_pb_row admin_label=&#8221;Zeile&#8221;][et_pb_column type=&#8221;4_4&#8243;][\/et_pb_column][\/et_pb_row][\/et_pb_section][et_pb_section admin_label=&#8221;Sektion&#8221; fullwidth=&#8221;off&#8221; specialty=&#8221;off&#8221; transparent_background=&#8221;on&#8221; background_color=&#8221;#81d3e7&#8243; allow_player_pause=&#8221;off&#8221; inner_shadow=&#8221;off&#8221; parallax=&#8221;off&#8221; parallax_method=&#8221;off&#8221; padding_mobile=&#8221;off&#8221; make_fullwidth=&#8221;off&#8221; use_custom_width=&#8221;off&#8221; width_unit=&#8221;on&#8221; make_equal=&#8221;off&#8221; use_custom_gutter=&#8221;off&#8221;][et_pb_row admin_label=&#8221;Zeile&#8221;][et_pb_column type=&#8221;4_4&#8243;][et_pb_post_title admin_label=&#8221;\u00dcberschrift&#8221; global_module=&#8221;3337&#8243; saved_tabs=&#8221;all&#8221; title=&#8221;on&#8221; meta=&#8221;off&#8221; author=&#8221;on&#8221; date=&#8221;on&#8221; categories=&#8221;on&#8221; comments=&#8221;on&#8221; featured_image=&#8221;off&#8221; featured_placement=&#8221;below&#8221; parallax_effect=&#8221;on&#8221; parallax_method=&#8221;on&#8221; text_orientation=&#8221;left&#8221; text_color=&#8221;dark&#8221; text_background=&#8221;off&#8221; text_bg_color=&#8221;rgba(255,255,255,0.9)&#8221; module_bg_color=&#8221;rgba(255,255,255,0)&#8221; title_font=&#8221;Old Standard TT|on|||&#8221; title_font_size=&#8221;70px&#8221; title_font_size_phone=&#8221;36px&#8221; title_font_size_last_edited=&#8221;on|desktop&#8221; title_text_color=&#8221;#1e1e1e&#8221; title_all_caps=&#8221;off&#8221; use_border_color=&#8221;off&#8221; border_color=&#8221;#ffffff&#8221; border_style=&#8221;solid&#8221;]<br \/>\n[\/et_pb_post_title][\/et_pb_column][\/et_pb_row][et_pb_row admin_label=&#8221;Zeile&#8221; make_fullwidth=&#8221;off&#8221; use_custom_width=&#8221;off&#8221; width_unit=&#8221;on&#8221; use_custom_gutter=&#8221;off&#8221; padding_mobile=&#8221;off&#8221; allow_player_pause=&#8221;off&#8221; parallax=&#8221;off&#8221; parallax_method=&#8221;off&#8221; make_equal=&#8221;off&#8221; parallax_1=&#8221;off&#8221; parallax_method_1=&#8221;off&#8221; parallax_2=&#8221;off&#8221; parallax_method_2=&#8221;off&#8221; column_padding_mobile=&#8221;on&#8221;][et_pb_column type=&#8221;4_4&#8243;][et_pb_text admin_label=&#8221;Text&#8221; background_layout=&#8221;light&#8221; text_orientation=&#8221;left&#8221; use_border_color=&#8221;off&#8221; border_color=&#8221;#ffffff&#8221; border_style=&#8221;solid&#8221; disabled_on=&#8221;on|on|on&#8221; disabled=&#8221;on&#8221; locked=&#8221;on&#8221;]<\/p>\n<p>In diesem Bereich bieten wir unseren H\u00e4ndlern zus\u00e4tzliche Informationen und Materialien. Wenn Sie zu dieser Gruppe geh\u00f6ren, registrieren Sie sich gerne \u00fcber unten stehendes Formular. Nach Pr\u00fcfung erhalten Sie eine Best\u00e4tigung Ihres Zugangs per Mail.<br \/>\nF\u00fcr Fragen stehen wir Ihnen nat\u00fcrlich gerne jederzeit zur Verf\u00fcgung. Auf der Seite Kontakt finden Sie alle Ansprechpartner.<\/p>\n<p>[\/et_pb_text][et_pb_text admin_label=&#8221;Text&#8221; background_layout=&#8221;light&#8221; text_orientation=&#8221;left&#8221; use_border_color=&#8221;off&#8221; border_color=&#8221;#ffffff&#8221; border_style=&#8221;solid&#8221; disabled_on=&#8221;on|on|on&#8221; disabled=&#8221;on&#8221; locked=&#8221;on&#8221;]<\/p>\n<p><strong>Bitte f\u00fcllen Sie die folgenden Felder f\u00fcr Ihre Registrierung aus.<\/strong><\/p>\n<p>[\/et_pb_text][et_pb_code admin_label=&#8221;Code&#8221;]<div id=\"wpmem_reg\"><a id=\"register\"><\/a><form name=\"form\" method=\"post\" action=\"https:\/\/www.druesedau.de\/en\/login-profil-anlegen\/\" id=\"wpmem_register_form\" class=\"form\"><input type=\"hidden\" id=\"_wpmem_register_nonce\" name=\"_wpmem_register_nonce\" value=\"730d45b7a0\" \/><input type=\"hidden\" name=\"_wp_http_referer\" value=\"\/en\/wp-json\/wp\/v2\/pages\/7615\" \/><fieldset><legend>New User Registration<\/legend><label for=\"username\" class=\"text\">Choose a Username<span class=\"req\">*<\/span><\/label><div class=\"div_text\"><input name=\"username\" type=\"text\" id=\"username\" value=\"\" class=\"textbox\" required  \/><\/div><label for=\"password\" class=\"text\">Password<span class=\"req\">*<\/span><\/label><div class=\"div_text\"><input name=\"password\" type=\"password\" id=\"password\" class=\"textbox\" required  \/><\/div><label for=\"confirm_password\" class=\"text\">Confirm Password<span class=\"req\">*<\/span><\/label><div class=\"div_text\"><input name=\"confirm_password\" type=\"password\" id=\"confirm_password\" class=\"textbox\" required  \/><\/div><label for=\"first_name\" class=\"text\">First Name<span class=\"req\">*<\/span><\/label><div class=\"div_text\"><input name=\"first_name\" type=\"text\" id=\"first_name\" value=\"\" class=\"textbox\" required  \/><\/div><label for=\"last_name\" class=\"text\">Last Name<span class=\"req\">*<\/span><\/label><div class=\"div_text\"><input name=\"last_name\" type=\"text\" id=\"last_name\" value=\"\" class=\"textbox\" required  \/><\/div><label for=\"firm\" class=\"text\">Firma<\/label><div class=\"div_text\"><input name=\"firm\" type=\"text\" id=\"firm\" value=\"\" class=\"textbox\" \/><\/div><label for=\"addr1\" class=\"text\">Address 1<\/label><div class=\"div_text\"><input name=\"addr1\" type=\"text\" id=\"addr1\" value=\"\" class=\"textbox\" \/><\/div><label for=\"addr2\" class=\"text\">Address 2<\/label><div class=\"div_text\"><input name=\"addr2\" type=\"text\" id=\"addr2\" value=\"\" class=\"textbox\" \/><\/div><label for=\"zip\" class=\"text\">Zip<\/label><div class=\"div_text\"><input name=\"zip\" type=\"text\" id=\"zip\" value=\"\" class=\"textbox\" \/><\/div><label for=\"city\" class=\"text\">City<\/label><div class=\"div_text\"><input name=\"city\" type=\"text\" id=\"city\" value=\"\" class=\"textbox\" \/><\/div><label for=\"phone1\" class=\"text\">Day Phone<\/label><div class=\"div_text\"><input name=\"phone1\" type=\"text\" id=\"phone1\" value=\"\" class=\"textbox\" \/><\/div><label for=\"fax\" class=\"text\">Fax<\/label><div class=\"div_text\"><input name=\"fax\" type=\"text\" id=\"fax\" value=\"\" class=\"textbox\" \/><\/div><label for=\"user_email\" class=\"text\">Email<span class=\"req\">*<\/span><\/label><div class=\"div_text\"><input name=\"user_email\" type=\"email\" id=\"user_email\" value=\"\" class=\"textbox\" required  \/><\/div><label for=\"confirm_email\" class=\"text\">Confirm Email<span class=\"req\">*<\/span><\/label><div class=\"div_text\"><input name=\"confirm_email\" type=\"email\" id=\"confirm_email\" value=\"\" class=\"textbox\" required  \/><\/div><label for=\"user_url\" class=\"text\">Website<\/label><div class=\"div_text\"><input name=\"user_url\" type=\"url\" id=\"user_url\" value=\"\" class=\"textbox\" \/><\/div><label for=\"Datenschutz\" class=\"checkbox\">Ich bin mit den &lt;a href=&quot;\/agb&quot; target=&quot;_blank&quot;&gt;AGBs&lt;\/a&gt; und der &lt;a href=&quot;\/datenschutz&quot; target=&quot;_blank&quot;&gt;Datenschutzerkl\u00e4rung&lt;\/a&gt; einverstanden.<span class=\"req\">*<\/span><\/label><div class=\"div_checkbox\"><input name=\"Datenschutz\" type=\"checkbox\" id=\"Datenschutz\" value=\"einverstanden\" required  \/><\/div><input type=\"hidden\" id=\"wpa_initiator\" class=\"wpa_initiator\" name=\"wpa_initiator\" value=\"\" \/><div class=\"clear\"><\/div><div class=\"captcha\"><script src=\"https:\/\/www.google.com\/recaptcha\/api.js\" async defer><\/script><div class=\"g-recaptcha\" data-sitekey=\"6Ldf1iMUAAAAAEPc2PHTTSudFHfRFt9lTjzEO7Yz\"><\/div><\/div><input name=\"a\" type=\"hidden\" value=\"register\" \/><input name=\"wpmem_reg_page\" type=\"hidden\" value=\"https:\/\/www.druesedau.de\/en\/login-profil-anlegen\/\" \/><div class=\"button_div\"><input name=\"submit\" type=\"submit\" value=\"Register\" class=\"buttons\" \/><\/div><div class=\"req-text\"><span class=\"req\">*<\/span>Required field<\/div><\/fieldset><\/form><\/div>[\/et_pb_code][\/et_pb_column][\/et_pb_row][\/et_pb_section][et_pb_section admin_label=&#8221;Sektion&#8221; global_module=&#8221;3292&#8243; fullwidth=&#8221;off&#8221; specialty=&#8221;off&#8221; transparent_background=&#8221;off&#8221; background_color=&#8221;#00a6cf&#8221; allow_player_pause=&#8221;off&#8221; inner_shadow=&#8221;off&#8221; parallax=&#8221;off&#8221; parallax_method=&#8221;off&#8221; padding_mobile=&#8221;off&#8221; make_fullwidth=&#8221;off&#8221; use_custom_width=&#8221;off&#8221; width_unit=&#8221;on&#8221; make_equal=&#8221;off&#8221; use_custom_gutter=&#8221;off&#8221; disabled_on=&#8221;off|off|off&#8221; disabled=&#8221;off&#8221;][et_pb_row global_parent=&#8221;3292&#8243; admin_label=&#8221;Zeile&#8221;][et_pb_column type=&#8221;1_3&#8243;][et_pb_text global_parent=&#8221;3292&#8243; admin_label=&#8221;Kontakt&#8221; background_layout=&#8221;light&#8221; text_orientation=&#8221;left&#8221; text_font=&#8221;Old Standard TT|on|||&#8221; text_font_size=&#8221;30&#8243; text_text_color=&#8221;#ffffff&#8221; use_border_color=&#8221;off&#8221; border_color=&#8221;#ffffff&#8221; border_style=&#8221;solid&#8221;]<\/p>\n<p style=\"text-align: center;\">Kontakt<\/p>\n<p>[\/et_pb_text][et_pb_text global_parent=&#8221;3292&#8243; admin_label=&#8221;Text&#8221; background_layout=&#8221;light&#8221; text_orientation=&#8221;center&#8221; use_border_color=&#8221;off&#8221; border_color=&#8221;#ffffff&#8221; border_style=&#8221;solid&#8221; text_text_color=&#8221;#ffffff&#8221;]<\/p>\n<p>Tel: <span style=\"color: #ffffff;\"><a style=\"color: #ffffff;\" href=\"tel:0669596060\">0 66 95 &#8211; 96 06 &#8211; 0<\/a><\/span><br \/>\nFax: <span style=\"color: #ffffff;\"><a style=\"color: #ffffff;\" href=\"tel:06695960622\">0 66 95 &#8211; 96 06 &#8211; 22<\/a><\/span><br \/>\n<span style=\"color: #ffffff;\"><a style=\"color: #ffffff;\" href=\"mailto:info@druesedau.de\">info@druesedau.de<\/a><\/span><\/p>\n<p>[\/et_pb_text][\/et_pb_column][et_pb_column type=&#8221;1_3&#8243;][et_pb_text global_parent=&#8221;3292&#8243; admin_label=&#8221;\u00d6ffnungszeiten&#8221; background_layout=&#8221;light&#8221; text_orientation=&#8221;left&#8221; text_font=&#8221;Old Standard TT|on|||&#8221; text_font_size=&#8221;30&#8243; text_text_color=&#8221;#ffffff&#8221; use_border_color=&#8221;off&#8221; border_color=&#8221;#ffffff&#8221; border_style=&#8221;solid&#8221;]<\/p>\n<p style=\"text-align: center;\">\u00d6ffnungszeiten<\/p>\n<p>[\/et_pb_text][et_pb_text global_parent=&#8221;3292&#8243; admin_label=&#8221;Text&#8221; background_layout=&#8221;light&#8221; text_orientation=&#8221;center&#8221; use_border_color=&#8221;off&#8221; border_color=&#8221;#ffffff&#8221; border_style=&#8221;solid&#8221; text_text_color=&#8221;#ffffff&#8221;]<\/p>\n<p>Mo \u2013 Fr<br \/>\n7.00 \u2013 17.00 Uhr<\/p>\n<p>[\/et_pb_text][\/et_pb_column][et_pb_column type=&#8221;1_3&#8243;][et_pb_text global_parent=&#8221;3292&#8243; admin_label=&#8221;Anschrift&#8221; background_layout=&#8221;light&#8221; text_orientation=&#8221;left&#8221; text_font=&#8221;Old Standard TT|on|||&#8221; text_font_size=&#8221;30&#8243; text_text_color=&#8221;#ffffff&#8221; use_border_color=&#8221;off&#8221; border_color=&#8221;#ffffff&#8221; border_style=&#8221;solid&#8221;]<\/p>\n<p style=\"text-align: center;\">Anschrift<\/p>\n<p>[\/et_pb_text][et_pb_text global_parent=&#8221;3292&#8243; admin_label=&#8221;Text&#8221; background_layout=&#8221;light&#8221; text_orientation=&#8221;center&#8221; use_border_color=&#8221;off&#8221; border_color=&#8221;#ffffff&#8221; border_style=&#8221;solid&#8221; text_text_color=&#8221;#ffffff&#8221;]<\/p>\n<p class=\"bodytext\">Dr\u00fcsedau u. M\u00fcller GmbH &amp; Co. KG<br \/>\nBahnhof Densberg<br \/>\n34632 Jesberg-Densberg<\/p>\n<p>[\/et_pb_text][\/et_pb_column][\/et_pb_row][\/et_pb_section][et_pb_section admin_label=&#8221;section&#8221;][et_pb_row admin_label=&#8221;row&#8221;][\/et_pb_row][\/et_pb_section]<\/p>\n","protected":false},"excerpt":{"rendered":"<p>In diesem Bereich bieten wir unseren H\u00e4ndlern zus\u00e4tzliche Informationen und Materialien. Wenn Sie zu dieser Gruppe geh\u00f6ren, registrieren Sie sich gerne \u00fcber unten stehendes Formular. Nach Pr\u00fcfung erhalten Sie eine Best\u00e4tigung Ihres Zugangs per Mail. F\u00fcr Fragen stehen wir Ihnen nat\u00fcrlich gerne jederzeit zur Verf\u00fcgung. Auf der Seite Kontakt finden Sie alle Ansprechpartner. Bitte f\u00fcllen [&hellip;]<\/p>\n","protected":false},"author":2,"featured_media":0,"parent":0,"menu_order":33,"comment_status":"closed","ping_status":"closed","template":"","meta":{"_acf_changed":false,"_et_pb_use_builder":"on","_et_pb_old_content":"","_et_gb_content_width":"","footnotes":""},"class_list":["post-7615","page","type-page","status-publish","hentry"],"acf":[],"yoast_head":"<!-- This site is optimized with the Yoast SEO plugin v27.5 - https:\/\/yoast.com\/product\/yoast-seo-wordpress\/ -->\n<title>Login-Profil anlegen - Dr\u00fcsedau<\/title>\n<meta name=\"robots\" content=\"index, follow, max-snippet:-1, max-image-preview:large, max-video-preview:-1\" \/>\n<link rel=\"canonical\" href=\"https:\/\/www.druesedau.de\/en\/login-profil-anlegen\/\" \/>\n<meta property=\"og:locale\" content=\"en_US\" \/>\n<meta property=\"og:type\" content=\"article\" \/>\n<meta property=\"og:title\" content=\"Login-Profil anlegen - Dr\u00fcsedau\" \/>\n<meta property=\"og:description\" content=\"In diesem Bereich bieten wir unseren H\u00e4ndlern zus\u00e4tzliche Informationen und Materialien. Wenn Sie zu dieser Gruppe geh\u00f6ren, registrieren Sie sich gerne \u00fcber unten stehendes Formular. Nach Pr\u00fcfung erhalten Sie eine Best\u00e4tigung Ihres Zugangs per Mail. F\u00fcr Fragen stehen wir Ihnen nat\u00fcrlich gerne jederzeit zur Verf\u00fcgung. Auf der Seite Kontakt finden Sie alle Ansprechpartner. Bitte f\u00fcllen [&hellip;]\" \/>\n<meta property=\"og:url\" content=\"https:\/\/www.druesedau.de\/en\/login-profil-anlegen\/\" \/>\n<meta property=\"og:site_name\" content=\"Dr\u00fcsedau\" \/>\n<meta name=\"twitter:card\" content=\"summary_large_image\" \/>\n<meta name=\"twitter:label1\" content=\"Est. reading time\" \/>\n\t<meta name=\"twitter:data1\" content=\"4 minutes\" \/>\n<script type=\"application\/ld+json\" class=\"yoast-schema-graph\">{\"@context\":\"https:\\\/\\\/schema.org\",\"@graph\":[{\"@type\":\"WebPage\",\"@id\":\"https:\\\/\\\/www.druesedau.de\\\/en\\\/login-profil-anlegen\\\/\",\"url\":\"https:\\\/\\\/www.druesedau.de\\\/en\\\/login-profil-anlegen\\\/\",\"name\":\"Login-Profil anlegen - Dr\u00fcsedau\",\"isPartOf\":{\"@id\":\"https:\\\/\\\/www.druesedau.de\\\/#website\"},\"datePublished\":\"2017-06-13T20:18:37+00:00\",\"breadcrumb\":{\"@id\":\"https:\\\/\\\/www.druesedau.de\\\/en\\\/login-profil-anlegen\\\/#breadcrumb\"},\"inLanguage\":\"en-US\",\"potentialAction\":[{\"@type\":\"ReadAction\",\"target\":[\"https:\\\/\\\/www.druesedau.de\\\/en\\\/login-profil-anlegen\\\/\"]}]},{\"@type\":\"BreadcrumbList\",\"@id\":\"https:\\\/\\\/www.druesedau.de\\\/en\\\/login-profil-anlegen\\\/#breadcrumb\",\"itemListElement\":[{\"@type\":\"ListItem\",\"position\":1,\"name\":\"Startseite\",\"item\":\"https:\\\/\\\/www.druesedau.de\\\/en\\\/\"},{\"@type\":\"ListItem\",\"position\":2,\"name\":\"Login-Profil anlegen\"}]},{\"@type\":\"WebSite\",\"@id\":\"https:\\\/\\\/www.druesedau.de\\\/#website\",\"url\":\"https:\\\/\\\/www.druesedau.de\\\/\",\"name\":\"Dr\u00fcsedau\",\"description\":\"Stilvoll Auftreten\",\"potentialAction\":[{\"@type\":\"SearchAction\",\"target\":{\"@type\":\"EntryPoint\",\"urlTemplate\":\"https:\\\/\\\/www.druesedau.de\\\/?s={search_term_string}\"},\"query-input\":{\"@type\":\"PropertyValueSpecification\",\"valueRequired\":true,\"valueName\":\"search_term_string\"}}],\"inLanguage\":\"en-US\"}]}<\/script>\n<!-- \/ Yoast SEO plugin. -->","yoast_head_json":{"title":"Login-Profil anlegen - Dr\u00fcsedau","robots":{"index":"index","follow":"follow","max-snippet":"max-snippet:-1","max-image-preview":"max-image-preview:large","max-video-preview":"max-video-preview:-1"},"canonical":"https:\/\/www.druesedau.de\/en\/login-profil-anlegen\/","og_locale":"en_US","og_type":"article","og_title":"Login-Profil anlegen - Dr\u00fcsedau","og_description":"In diesem Bereich bieten wir unseren H\u00e4ndlern zus\u00e4tzliche Informationen und Materialien. Wenn Sie zu dieser Gruppe geh\u00f6ren, registrieren Sie sich gerne \u00fcber unten stehendes Formular. Nach Pr\u00fcfung erhalten Sie eine Best\u00e4tigung Ihres Zugangs per Mail. F\u00fcr Fragen stehen wir Ihnen nat\u00fcrlich gerne jederzeit zur Verf\u00fcgung. Auf der Seite Kontakt finden Sie alle Ansprechpartner. Bitte f\u00fcllen [&hellip;]","og_url":"https:\/\/www.druesedau.de\/en\/login-profil-anlegen\/","og_site_name":"Dr\u00fcsedau","twitter_card":"summary_large_image","twitter_misc":{"Est. reading time":"4 minutes"},"schema":{"@context":"https:\/\/schema.org","@graph":[{"@type":"WebPage","@id":"https:\/\/www.druesedau.de\/en\/login-profil-anlegen\/","url":"https:\/\/www.druesedau.de\/en\/login-profil-anlegen\/","name":"Login-Profil anlegen - Dr\u00fcsedau","isPartOf":{"@id":"https:\/\/www.druesedau.de\/#website"},"datePublished":"2017-06-13T20:18:37+00:00","breadcrumb":{"@id":"https:\/\/www.druesedau.de\/en\/login-profil-anlegen\/#breadcrumb"},"inLanguage":"en-US","potentialAction":[{"@type":"ReadAction","target":["https:\/\/www.druesedau.de\/en\/login-profil-anlegen\/"]}]},{"@type":"BreadcrumbList","@id":"https:\/\/www.druesedau.de\/en\/login-profil-anlegen\/#breadcrumb","itemListElement":[{"@type":"ListItem","position":1,"name":"Startseite","item":"https:\/\/www.druesedau.de\/en\/"},{"@type":"ListItem","position":2,"name":"Login-Profil anlegen"}]},{"@type":"WebSite","@id":"https:\/\/www.druesedau.de\/#website","url":"https:\/\/www.druesedau.de\/","name":"Dr\u00fcsedau","description":"Stilvoll Auftreten","potentialAction":[{"@type":"SearchAction","target":{"@type":"EntryPoint","urlTemplate":"https:\/\/www.druesedau.de\/?s={search_term_string}"},"query-input":{"@type":"PropertyValueSpecification","valueRequired":true,"valueName":"search_term_string"}}],"inLanguage":"en-US"}]}},"_links":{"self":[{"href":"https:\/\/www.druesedau.de\/en\/wp-json\/wp\/v2\/pages\/7615","targetHints":{"allow":["GET"]}}],"collection":[{"href":"https:\/\/www.druesedau.de\/en\/wp-json\/wp\/v2\/pages"}],"about":[{"href":"https:\/\/www.druesedau.de\/en\/wp-json\/wp\/v2\/types\/page"}],"author":[{"embeddable":true,"href":"https:\/\/www.druesedau.de\/en\/wp-json\/wp\/v2\/users\/2"}],"replies":[{"embeddable":true,"href":"https:\/\/www.druesedau.de\/en\/wp-json\/wp\/v2\/comments?post=7615"}],"version-history":[{"count":0,"href":"https:\/\/www.druesedau.de\/en\/wp-json\/wp\/v2\/pages\/7615\/revisions"}],"wp:attachment":[{"href":"https:\/\/www.druesedau.de\/en\/wp-json\/wp\/v2\/media?parent=7615"}],"curies":[{"name":"wp","href":"https:\/\/api.w.org\/{rel}","templated":true}]}}